{"id":2263,"date":"2021-05-19T10:16:28","date_gmt":"2021-05-19T13:16:28","guid":{"rendered":"https:\/\/www.mamoruoguro.com\/?page_id=2263"},"modified":"2021-05-19T10:16:28","modified_gmt":"2021-05-19T13:16:28","slug":"promocao-fotografica-dia-das-criancas-saquarema","status":"publish","type":"page","link":"https:\/\/www.mamoruoguro.com\/ja\/promocao-fotografica-dia-das-criancas-saquarema\/","title":{"rendered":"\u5199\u771f\u30d7\u30ed\u30e2\u30fc\u30b7\u30e7\u30f3 |\u3053\u3069\u3082\u306e\u65e5 | \u3053\u3069\u3082\u306e\u65e5\u30b5\u30af\u30a2\u30ec\u30de"},"content":{"rendered":"<div class=\"vc_row wpb_row vc_row-fluid vc_row-69dbadc65ff58\"><div class=\"wpb_column vc_column_container vc_col-sm-12 vc_row-69dbadc660338\"><div class=\"vc_column-inner\"><div class=\"wpb_wrapper\">      <div class=\"heading-block heading-60a50f79eb55b tac h-h3\">\n                  <h3 class=\"h\">\u5199\u771f\u30d7\u30ed\u30e2\u30fc\u30b7\u30e7\u30f3|\u3053\u3069\u3082\u306e\u65e5|\u30b5\u30af\u30a2\u30ec\u30de\uff06\u30a2\u30e9\u30eb\u30a2\u30de<\/h3>\n              <\/div>\n    <\/div><\/div><\/div><\/div><div class=\"vc_row wpb_row vc_row-fluid vc_row-69dbadc66051e\"><div class=\"wpb_column vc_column_container vc_col-sm-12 vc_row-69dbadc6606cd\"><div class=\"vc_column-inner\"><div class=\"wpb_wrapper\"><div class=\"price-list-type2 row price-list-type2-69dbadc660733\"><div class=\"item price-list-type2-item-69dbadc6607ab col-12 col-sm-12 col-md-12 col-lg-12\">\n        <h6 class=\"h\">R$380.00\u306e\u307f-\u30cf\u30fc\u30c9\u30ab\u30d0\u30fc\u4ed8\u304d\u306e\u30d5\u30a9\u30c8\u30a2\u30eb\u30d0\u30e0\u304c\u542b\u307e\u308c\u3066\u3044\u307e\u3059<\/h6>\n        \n        <div class=\"img\" style=\"background-image: url(https:\/\/www.mamoruoguro.com\/wp-content\/uploads\/2021\/05\/reggae_saquarema-7967-blackwhite.jpg)\"><\/div>\n        <div class=\"options\">\n            <div class=\"heading-decor\"><h5>\u7279\u5225\u306a\u65b9\u6cd5\u3067\u3042\u306a\u305f\u306e\u5b50\u4f9b\u306e\u4eba\u751f\u306e\u6700\u9ad8\u306e\u77ac\u9593\u3092\u6c38\u9060\u306b\u3057\u307e\u3059\u3002<\/h5><\/div>\n            <div class=\"o-row\">\u5834\u6240\uff1a\u7d44\u307f\u5408\u308f\u305b\u308b<br \/><\/div><div class=\"o-row\">\u671f\u9593\uff1a\u5408\u610f\u3055\u308c\u308b<br \/><\/div><div class=\"o-row\">\u914d\u4fe1\u3059\u308b\u5199\u771f\u306e\u6570\uff1a20<br \/><\/div><div class=\"o-row\">\u30ea\u30f3\u30af\u3092\u4ecb\u3057\u305f\u30c7\u30b8\u30bf\u30eb\u5f62\u5f0f\u3067\u306e\u914d\u4fe1\uff1a\u306f\u3044<br \/><\/div><div class=\"o-row\">\u51e6\u7406\u3055\u308c\u305f\u30c7\u30b8\u30bf\u30eb\u5199\u771f\u306e\u914d\u4fe1\u671f\u9650\uff08\u30dd\u30b9\u30c8\u30d7\u30ed\u30c0\u30af\u30b7\u30e7\u30f3\uff09\uff1a\u6700\u4f4e72\u6642\u9593<br \/><\/div><div class=\"o-row\">\u5370\u5237\u3055\u308c\u305f\u30d5\u30a9\u30c8\u30a2\u30eb\u30d0\u30e0\u304c\u542b\u307e\u308c\u3066\u3044\u307e\u3059\uff1a\u306f\u3044<br \/><\/div><div class=\"o-row\">\u30cf\u30fc\u30c9\u30ab\u30d0\u30fc\u30a2\u30eb\u30d0\u30e0\uff1a\u306f\u3044<br \/><\/div><div class=\"o-row\">*\u30af\u30ec\u30b8\u30c3\u30c8\u30ab\u30fc\u30c9\u306e\u5206\u5272\u6255\u3044\u304c\u53ef\u80fd\u3067\u3059\u3002<br \/><\/div><div class=\"o-row\">**\u5e83\u544a\u753b\u50cf\u306f\u4f8b\u793a\u3067\u3059\u3002<\/div>\n        <\/div>\n        <a href=\"https:\/\/api.whatsapp.com\/send\/?phone=5522997346188&#038;text=Ol%C3%A1%2C+eu+quero+agendar+minhas+fotos+da%20promo\u00e7\u00e3o+dia+das+crian\u00e7as.&#038;app_absent=0\" class=\"button-style1\">\u3053\u3069\u3082\u306e\u65e5\u306e\u30d7\u30ed\u30e2\u30fc\u30b7\u30e7\u30f3\u304c\u6b32\u3057\u3044<\/a>\n    <\/div><\/div><\/div><\/div><\/div><\/div>","protected":false},"excerpt":{"rendered":"\u5199\u771f\u30d7\u30ed\u30e2\u30fc\u30b7\u30e7\u30f3 |\u3053\u3069\u3082\u306e\u65e5 | \u3053\u3069\u3082\u306e\u65e5\u30b5\u30af\u30a2\u30ec\u30de\u3068\u30a2\u30eb\u30eb\u30a2\u30de\u306e\u307f \uffe5380.00 - \u30cf\u30fc\u30c9\u30ab\u30d0\u30fc\u306e\u30d5\u30a9\u30c8\u30a2\u30eb\u30d0\u30e0\u4ed8\u304d \u304a\u5b50\u69d8\u306e\u4eba\u751f\u306e\u6700\u9ad8\u306e\u77ac\u9593\u3092\u7279\u5225\u306a\u65b9\u6cd5\u3067\u6c38\u9060\u306b\u3002\u5834\u6240: \u624b\u914d\u306b\u3088\u308b\u671f\u9593: \u624b\u914d\u306b\u3088\u308b\u5199\u771f\u306e\u914d\u4fe1\u6570: 20 \u30ea\u30f3\u30af\u3092\u4ecb\u3057\u305f\u30c7\u30b8\u30bf\u30eb\u5f62\u5f0f\u3067\u306e\u914d\u4fe1: \u306f\u3044\u5199\u771f\u306e\u914d\u4fe1\u671f\u9650 [...]","protected":false},"author":1,"featured_media":0,"parent":0,"menu_order":0,"comment_status":"closed","ping_status":"closed","template":"template-landing.php","meta":[],"_links":{"self":[{"href":"https:\/\/www.mamoruoguro.com\/ja\/wp-json\/wp\/v2\/pages\/2263"}],"collection":[{"href":"https:\/\/www.mamoruoguro.com\/ja\/wp-json\/wp\/v2\/pages"}],"about":[{"href":"https:\/\/www.mamoruoguro.com\/ja\/wp-json\/wp\/v2\/types\/page"}],"author":[{"embeddable":true,"href":"https:\/\/www.mamoruoguro.com\/ja\/wp-json\/wp\/v2\/users\/1"}],"replies":[{"embeddable":true,"href":"https:\/\/www.mamoruoguro.com\/ja\/wp-json\/wp\/v2\/comments?post=2263"}],"version-history":[{"count":1,"href":"https:\/\/www.mamoruoguro.com\/ja\/wp-json\/wp\/v2\/pages\/2263\/revisions"}],"predecessor-version":[{"id":2266,"href":"https:\/\/www.mamoruoguro.com\/ja\/wp-json\/wp\/v2\/pages\/2263\/revisions\/2266"}],"wp:attachment":[{"href":"https:\/\/www.mamoruoguro.com\/ja\/wp-json\/wp\/v2\/media?parent=2263"}],"curies":[{"name":"wp","href":"https:\/\/api.w.org\/{rel}","templated":true}]}}