{"id":1728,"date":"2021-05-06T19:27:21","date_gmt":"2021-05-06T22:27:21","guid":{"rendered":"https:\/\/www.mamoruoguro.com\/sitenew\/?page_id=1728"},"modified":"2021-06-01T15:22:48","modified_gmt":"2021-06-01T18:22:48","slug":"fotografia-autoral","status":"publish","type":"page","link":"https:\/\/www.mamoruoguro.com\/ja\/fotografia-autoral\/","title":{"rendered":"\u8457\u8005\u306e\u5199\u771f"},"content":{"rendered":"<div class=\"vc_row wpb_row vc_row-fluid vc_row-69dbc1bda4592\"><div class=\"wpb_column vc_column_container vc_col-sm-12 vc_row-69dbc1bda4cd6\"><div class=\"vc_column-inner\"><div class=\"wpb_wrapper\">\n\t<div class=\"wpb_text_column wpb_content_element\" >\n\t\t<div class=\"wpb_wrapper\">\n\t\t\t<h3 style=\"text-align: center;\">\u5199\u771f\u64ae\u5f71 <span style=\"color: #f7a92c;\">\u8457\u4f5c\u6a29<\/span><\/h3>\n<p style=\"text-align: center;\">\u697d\u3057\u3093\u3067\u3001\u79c1\u306e\u8a2a\u554f\u00a0<a href=\"https:\/\/www.mamoruoguro.com\/ja\/galeriaonline\/\">\u30aa\u30f3\u30e9\u30a4\u30f3\u30ae\u30e3\u30e9\u30ea\u30fc<\/a>\u3002\u305d\u306e\u4e2d\u306b\u306f\u3001\u3055\u307e\u3056\u307e\u306a\u30bf\u30a4\u30d7\u306e\u30b5\u30dd\u30fc\u30c8\uff08\u30a2\u30eb\u30df\u30cb\u30a6\u30e0\u30d1\u30cd\u30eb\u3001\u30ad\u30e3\u30f3\u30d0\u30b9\u3001\u6795\u3001\u30dd\u30b9\u30bf\u30fc\u306a\u3069\uff09\u306b\u5370\u5237\u3055\u308c\u305f\u30aa\u30d7\u30b7\u30e7\u30f3\u304c\u3042\u308a\u307e\u3059\u3002<\/p>\n\n\t\t<\/div>\n\t<\/div>\n<div class=\"portfolio-block\"><div class=\"portfolio-items load-wrap row portfolio-type-masonry portfolio_hover_type_1 portfolio-608fd96a50738 popup-gallery\"><article class=\"portfolio-item  category-autoral popup-item col-12 col-sm-4 col-md-3\"><div class=\"wrap\"><div class=\"a-img\" data-original=\"https:\/\/www.mamoruoguro.com\/wp-content\/uploads\/2021\/05\/acoustic-guitar-1024x683.jpg\"><img width=\"70\" height=\"47\" src=\"https:\/\/www.mamoruoguro.com\/wp-content\/uploads\/2021\/05\/acoustic-guitar-70x47.jpg\" class=\"attachment-yprm-lazyloading-placeholder size-yprm-lazyloading-placeholder\" alt=\"Fotografia Autoral para Decora\u00e7\u00e3o\" loading=\"lazy\" srcset=\"https:\/\/www.mamoruoguro.com\/wp-content\/uploads\/2021\/05\/acoustic-guitar-70x47.jpg 70w, https:\/\/www.mamoruoguro.com\/wp-content\/uploads\/2021\/05\/acoustic-guitar-300x200.jpg 300w, https:\/\/www.mamoruoguro.com\/wp-content\/uploads\/2021\/05\/acoustic-guitar-1024x683.jpg 1024w, https:\/\/www.mamoruoguro.com\/wp-content\/uploads\/2021\/05\/acoustic-guitar-1536x1024.jpg 1536w, https:\/\/www.mamoruoguro.com\/wp-content\/uploads\/2021\/05\/acoustic-guitar-700x470.jpg 700w, https:\/\/www.mamoruoguro.com\/wp-content\/uploads\/2021\/05\/acoustic-guitar-780x520.jpg 780w, https:\/\/www.mamoruoguro.com\/wp-content\/uploads\/2021\/05\/acoustic-guitar.jpg 2048w, https:\/\/www.mamoruoguro.com\/wp-content\/uploads\/2021\/05\/acoustic-guitar-300x200@2x.jpg 600w\" sizes=\"(max-width: 70px) 100vw, 70px\" \/><\/div><div class=\"content\"><\/div><a href=\"https:\/\/www.mamoruoguro.com\/wp-content\/uploads\/2021\/05\/acoustic-guitar.jpg\" data-size=\"2048x1365\" data-magic-cursor=\"link-w-text\" data-magic-cursor-text=\"View\" data-id=\"1\" data-like-id=\"1684\" data-like-count=\"0\"><\/a><\/div><\/article><article class=\"portfolio-item  category-autoral popup-item col-12 col-sm-4 col-md-3\"><div class=\"wrap\"><div class=\"a-img\" data-original=\"https:\/\/www.mamoruoguro.com\/wp-content\/uploads\/2021\/05\/luz-9482edit-1024x683.jpg\"><img width=\"70\" height=\"47\" src=\"https:\/\/www.mamoruoguro.com\/wp-content\/uploads\/2021\/05\/luz-9482edit-70x47.jpg\" class=\"attachment-yprm-lazyloading-placeholder size-yprm-lazyloading-placeholder\" alt=\"Fotografia Autoral para Decora\u00e7\u00e3o \u2013 Dark Side\" loading=\"lazy\" srcset=\"https:\/\/www.mamoruoguro.com\/wp-content\/uploads\/2021\/05\/luz-9482edit-70x47.jpg 70w, https:\/\/www.mamoruoguro.com\/wp-content\/uploads\/2021\/05\/luz-9482edit-300x200.jpg 300w, https:\/\/www.mamoruoguro.com\/wp-content\/uploads\/2021\/05\/luz-9482edit-1024x683.jpg 1024w, https:\/\/www.mamoruoguro.com\/wp-content\/uploads\/2021\/05\/luz-9482edit-1536x1024.jpg 1536w, https:\/\/www.mamoruoguro.com\/wp-content\/uploads\/2021\/05\/luz-9482edit-700x470.jpg 700w, https:\/\/www.mamoruoguro.com\/wp-content\/uploads\/2021\/05\/luz-9482edit-780x520.jpg 780w, https:\/\/www.mamoruoguro.com\/wp-content\/uploads\/2021\/05\/luz-9482edit.jpg 2048w, https:\/\/www.mamoruoguro.com\/wp-content\/uploads\/2021\/05\/luz-9482edit-300x200@2x.jpg 600w\" sizes=\"(max-width: 70px) 100vw, 70px\" \/><\/div><div class=\"content\"><\/div><a href=\"https:\/\/www.mamoruoguro.com\/wp-content\/uploads\/2021\/05\/luz-9482edit.jpg\" data-size=\"2048x1365\" data-magic-cursor=\"link-w-text\" data-magic-cursor-text=\"View\" data-id=\"2\" data-like-id=\"1688\" data-like-count=\"0\"><\/a><\/div><\/article><article class=\"portfolio-item  category-autoral popup-item col-12 col-sm-4 col-md-3\"><div class=\"wrap\"><div class=\"a-img\" data-original=\"https:\/\/www.mamoruoguro.com\/wp-content\/uploads\/2021\/05\/passaros-1024x683.jpg\"><img width=\"70\" height=\"47\" src=\"https:\/\/www.mamoruoguro.com\/wp-content\/uploads\/2021\/05\/passaros-70x47.jpg\" class=\"attachment-yprm-lazyloading-placeholder size-yprm-lazyloading-placeholder\" alt=\"Fotografia Autoral para Decora\u00e7\u00e3o - P\u00e1ssaros\" loading=\"lazy\" srcset=\"https:\/\/www.mamoruoguro.com\/wp-content\/uploads\/2021\/05\/passaros-70x47.jpg 70w, https:\/\/www.mamoruoguro.com\/wp-content\/uploads\/2021\/05\/passaros-300x200.jpg 300w, https:\/\/www.mamoruoguro.com\/wp-content\/uploads\/2021\/05\/passaros-1024x683.jpg 1024w, https:\/\/www.mamoruoguro.com\/wp-content\/uploads\/2021\/05\/passaros-1536x1024.jpg 1536w, https:\/\/www.mamoruoguro.com\/wp-content\/uploads\/2021\/05\/passaros-700x470.jpg 700w, https:\/\/www.mamoruoguro.com\/wp-content\/uploads\/2021\/05\/passaros-780x520.jpg 780w, https:\/\/www.mamoruoguro.com\/wp-content\/uploads\/2021\/05\/passaros.jpg 2048w, https:\/\/www.mamoruoguro.com\/wp-content\/uploads\/2021\/05\/passaros-300x200@2x.jpg 600w\" sizes=\"(max-width: 70px) 100vw, 70px\" \/><\/div><div class=\"content\"><\/div><a href=\"https:\/\/www.mamoruoguro.com\/wp-content\/uploads\/2021\/05\/passaros.jpg\" data-size=\"2048x1365\" data-magic-cursor=\"link-w-text\" data-magic-cursor-text=\"View\" data-id=\"3\" data-like-id=\"1691\" data-like-count=\"0\"><\/a><\/div><\/article><article class=\"portfolio-item  category-autoral popup-item col-12 col-sm-4 col-md-3\"><div class=\"wrap\"><div class=\"a-img\" data-original=\"https:\/\/www.mamoruoguro.com\/wp-content\/uploads\/2021\/05\/tiro-1024x683.jpg\"><img width=\"70\" height=\"47\" src=\"https:\/\/www.mamoruoguro.com\/wp-content\/uploads\/2021\/05\/tiro-70x47.jpg\" class=\"attachment-yprm-lazyloading-placeholder size-yprm-lazyloading-placeholder\" alt=\"Fotografia Autoral para Decora\u00e7\u00e3o - Mem\u00f3rias\" loading=\"lazy\" srcset=\"https:\/\/www.mamoruoguro.com\/wp-content\/uploads\/2021\/05\/tiro-70x47.jpg 70w, https:\/\/www.mamoruoguro.com\/wp-content\/uploads\/2021\/05\/tiro-300x200.jpg 300w, https:\/\/www.mamoruoguro.com\/wp-content\/uploads\/2021\/05\/tiro-1024x683.jpg 1024w, https:\/\/www.mamoruoguro.com\/wp-content\/uploads\/2021\/05\/tiro-1536x1024.jpg 1536w, https:\/\/www.mamoruoguro.com\/wp-content\/uploads\/2021\/05\/tiro-700x470.jpg 700w, https:\/\/www.mamoruoguro.com\/wp-content\/uploads\/2021\/05\/tiro-780x520.jpg 780w, https:\/\/www.mamoruoguro.com\/wp-content\/uploads\/2021\/05\/tiro.jpg 2048w, https:\/\/www.mamoruoguro.com\/wp-content\/uploads\/2021\/05\/tiro-300x200@2x.jpg 600w\" sizes=\"(max-width: 70px) 100vw, 70px\" \/><\/div><div class=\"content\"><\/div><a href=\"https:\/\/www.mamoruoguro.com\/wp-content\/uploads\/2021\/05\/tiro.jpg\" data-size=\"2048x1365\" data-magic-cursor=\"link-w-text\" data-magic-cursor-text=\"View\" data-id=\"4\" data-like-id=\"1694\" data-like-count=\"0\"><\/a><\/div><\/article><article class=\"portfolio-item  category-autoral popup-item col-12 col-sm-4 col-md-3\"><div class=\"wrap\"><div class=\"a-img\" data-original=\"https:\/\/www.mamoruoguro.com\/wp-content\/uploads\/2021\/05\/O-povo-unido-jamais-sera-vencido-1024x674.jpg\"><img width=\"70\" height=\"46\" src=\"https:\/\/www.mamoruoguro.com\/wp-content\/uploads\/2021\/05\/O-povo-unido-jamais-sera-vencido-70x46.jpg\" class=\"attachment-yprm-lazyloading-placeholder size-yprm-lazyloading-placeholder\" alt=\"Fotografia Autoral para Decora\u00e7\u00e3o \u2013 Uni\u00e3o\" loading=\"lazy\" srcset=\"https:\/\/www.mamoruoguro.com\/wp-content\/uploads\/2021\/05\/O-povo-unido-jamais-sera-vencido-70x46.jpg 70w, https:\/\/www.mamoruoguro.com\/wp-content\/uploads\/2021\/05\/O-povo-unido-jamais-sera-vencido-300x197.jpg 300w, https:\/\/www.mamoruoguro.com\/wp-content\/uploads\/2021\/05\/O-povo-unido-jamais-sera-vencido-1024x674.jpg 1024w, https:\/\/www.mamoruoguro.com\/wp-content\/uploads\/2021\/05\/O-povo-unido-jamais-sera-vencido-1536x1010.jpg 1536w, https:\/\/www.mamoruoguro.com\/wp-content\/uploads\/2021\/05\/O-povo-unido-jamais-sera-vencido-700x470.jpg 700w, https:\/\/www.mamoruoguro.com\/wp-content\/uploads\/2021\/05\/O-povo-unido-jamais-sera-vencido-780x513.jpg 780w, https:\/\/www.mamoruoguro.com\/wp-content\/uploads\/2021\/05\/O-povo-unido-jamais-sera-vencido.jpg 2048w, https:\/\/www.mamoruoguro.com\/wp-content\/uploads\/2021\/05\/O-povo-unido-jamais-sera-vencido-300x197@2x.jpg 600w\" sizes=\"(max-width: 70px) 100vw, 70px\" \/><\/div><div class=\"content\"><\/div><a href=\"https:\/\/www.mamoruoguro.com\/wp-content\/uploads\/2021\/05\/O-povo-unido-jamais-sera-vencido.jpg\" data-size=\"2048x1347\" data-magic-cursor=\"link-w-text\" data-magic-cursor-text=\"View\" data-id=\"5\" data-like-id=\"1697\" data-like-count=\"0\"><\/a><\/div><\/article><article class=\"portfolio-item  category-autoral popup-item col-12 col-sm-4 col-md-3\"><div class=\"wrap\"><div class=\"a-img\" data-original=\"https:\/\/www.mamoruoguro.com\/wp-content\/uploads\/2021\/05\/violao-8531-1024x683.jpg\"><img width=\"70\" height=\"47\" src=\"https:\/\/www.mamoruoguro.com\/wp-content\/uploads\/2021\/05\/violao-8531-70x47.jpg\" class=\"attachment-yprm-lazyloading-placeholder size-yprm-lazyloading-placeholder\" alt=\"Fotografia Autoral para Decora\u00e7\u00e3o \u2013 Luvas tocando viol\u00e3o\" loading=\"lazy\" srcset=\"https:\/\/www.mamoruoguro.com\/wp-content\/uploads\/2021\/05\/violao-8531-70x47.jpg 70w, https:\/\/www.mamoruoguro.com\/wp-content\/uploads\/2021\/05\/violao-8531-300x200.jpg 300w, https:\/\/www.mamoruoguro.com\/wp-content\/uploads\/2021\/05\/violao-8531-1024x683.jpg 1024w, https:\/\/www.mamoruoguro.com\/wp-content\/uploads\/2021\/05\/violao-8531-1536x1024.jpg 1536w, https:\/\/www.mamoruoguro.com\/wp-content\/uploads\/2021\/05\/violao-8531-700x470.jpg 700w, https:\/\/www.mamoruoguro.com\/wp-content\/uploads\/2021\/05\/violao-8531-780x520.jpg 780w, https:\/\/www.mamoruoguro.com\/wp-content\/uploads\/2021\/05\/violao-8531.jpg 2048w, https:\/\/www.mamoruoguro.com\/wp-content\/uploads\/2021\/05\/violao-8531-300x200@2x.jpg 600w\" sizes=\"(max-width: 70px) 100vw, 70px\" \/><\/div><div class=\"content\"><\/div><a href=\"https:\/\/www.mamoruoguro.com\/wp-content\/uploads\/2021\/05\/violao-8531.jpg\" data-size=\"2048x1365\" data-magic-cursor=\"link-w-text\" data-magic-cursor-text=\"View\" data-id=\"6\" data-like-id=\"1700\" data-like-count=\"0\"><\/a><\/div><\/article><article class=\"portfolio-item  category-autoral popup-item col-12 col-sm-4 col-md-3\"><div class=\"wrap\"><div class=\"a-img\" data-original=\"https:\/\/www.mamoruoguro.com\/wp-content\/uploads\/2021\/05\/violao-8464-1024x683.jpg\"><img width=\"70\" height=\"47\" src=\"https:\/\/www.mamoruoguro.com\/wp-content\/uploads\/2021\/05\/violao-8464-70x47.jpg\" class=\"attachment-yprm-lazyloading-placeholder size-yprm-lazyloading-placeholder\" alt=\"Fotografia Autoral para Decora\u00e7\u00e3o \u2013 Viol\u00e3o\" loading=\"lazy\" srcset=\"https:\/\/www.mamoruoguro.com\/wp-content\/uploads\/2021\/05\/violao-8464-70x47.jpg 70w, https:\/\/www.mamoruoguro.com\/wp-content\/uploads\/2021\/05\/violao-8464-300x200.jpg 300w, https:\/\/www.mamoruoguro.com\/wp-content\/uploads\/2021\/05\/violao-8464-1024x683.jpg 1024w, https:\/\/www.mamoruoguro.com\/wp-content\/uploads\/2021\/05\/violao-8464-1536x1024.jpg 1536w, https:\/\/www.mamoruoguro.com\/wp-content\/uploads\/2021\/05\/violao-8464-700x470.jpg 700w, https:\/\/www.mamoruoguro.com\/wp-content\/uploads\/2021\/05\/violao-8464-780x520.jpg 780w, https:\/\/www.mamoruoguro.com\/wp-content\/uploads\/2021\/05\/violao-8464.jpg 2048w, https:\/\/www.mamoruoguro.com\/wp-content\/uploads\/2021\/05\/violao-8464-300x200@2x.jpg 600w\" sizes=\"(max-width: 70px) 100vw, 70px\" \/><\/div><div class=\"content\"><\/div><a href=\"https:\/\/www.mamoruoguro.com\/wp-content\/uploads\/2021\/05\/violao-8464.jpg\" data-size=\"2048x1365\" data-magic-cursor=\"link-w-text\" data-magic-cursor-text=\"View\" data-id=\"7\" data-like-id=\"1703\" data-like-count=\"0\"><\/a><\/div><\/article><article class=\"portfolio-item  category-autoral popup-item col-12 col-sm-4 col-md-3\"><div class=\"wrap\"><div class=\"a-img\" data-original=\"https:\/\/www.mamoruoguro.com\/wp-content\/uploads\/2021\/05\/violao-0716--1024x683.jpg\"><img width=\"70\" height=\"47\" src=\"https:\/\/www.mamoruoguro.com\/wp-content\/uploads\/2021\/05\/violao-0716--70x47.jpg\" class=\"attachment-yprm-lazyloading-placeholder size-yprm-lazyloading-placeholder\" alt=\"Fotografia Autoral para Decora\u00e7\u00e3o \u2013 Musica\" loading=\"lazy\" srcset=\"https:\/\/www.mamoruoguro.com\/wp-content\/uploads\/2021\/05\/violao-0716--70x47.jpg 70w, https:\/\/www.mamoruoguro.com\/wp-content\/uploads\/2021\/05\/violao-0716--300x200.jpg 300w, https:\/\/www.mamoruoguro.com\/wp-content\/uploads\/2021\/05\/violao-0716--1024x683.jpg 1024w, https:\/\/www.mamoruoguro.com\/wp-content\/uploads\/2021\/05\/violao-0716--1536x1024.jpg 1536w, https:\/\/www.mamoruoguro.com\/wp-content\/uploads\/2021\/05\/violao-0716--700x470.jpg 700w, https:\/\/www.mamoruoguro.com\/wp-content\/uploads\/2021\/05\/violao-0716--780x520.jpg 780w, https:\/\/www.mamoruoguro.com\/wp-content\/uploads\/2021\/05\/violao-0716-.jpg 2048w, https:\/\/www.mamoruoguro.com\/wp-content\/uploads\/2021\/05\/violao-0716--300x200@2x.jpg 600w\" sizes=\"(max-width: 70px) 100vw, 70px\" \/><\/div><div class=\"content\"><\/div><a href=\"https:\/\/www.mamoruoguro.com\/wp-content\/uploads\/2021\/05\/violao-0716-.jpg\" data-size=\"2048x1365\" data-magic-cursor=\"link-w-text\" data-magic-cursor-text=\"View\" data-id=\"8\" data-like-id=\"1706\" data-like-count=\"0\"><\/a><\/div><\/article><\/div><div class=\"load-button tac\"><a href=\"#\" data-array=\"[{&quot;id&quot;:1710,&quot;cat&quot;:[&quot;autoral&quot;]},{&quot;id&quot;:1713,&quot;cat&quot;:[&quot;autoral&quot;]},{&quot;id&quot;:1716,&quot;cat&quot;:[&quot;autoral&quot;]},{&quot;id&quot;:1719,&quot;cat&quot;:[&quot;autoral&quot;]},{&quot;id&quot;:1722,&quot;cat&quot;:[&quot;autoral&quot;]}]\" data-count=\"8\" data-atts=\"{&quot;uniqid&quot;:&quot;608fd96a50738&quot;,&quot;count_items&quot;:&quot;8&quot;,&quot;type&quot;:&quot;masonry&quot;,&quot;cols&quot;:&quot;4&quot;,&quot;hover&quot;:&quot;type_1&quot;,&quot;hover_disable&quot;:&quot;&quot;,&quot;popup_gallery&quot;:&quot;on&quot;,&quot;popup_mode&quot;:&quot;on&quot;,&quot;popup_mode_title&quot;:&quot;&quot;,&quot;popup_mode_desc&quot;:&quot;&quot;,&quot;project_link&quot;:&quot;&quot;,&quot;filter_buttons&quot;:&quot;off&quot;,&quot;filter_buttons_align&quot;:&quot;tac&quot;,&quot;desc_size&quot;:&quot;45&quot;,&quot;gap&quot;:&quot;on&quot;,&quot;thumb_size&quot;:&quot;large&quot;,&quot;navigation&quot;:&quot;load_more_on_scroll&quot;,&quot;show_heading&quot;:&quot;off&quot;,&quot;show_desc&quot;:&quot;off&quot;,&quot;show_categories&quot;:&quot;on&quot;,&quot;orderby&quot;:&quot;post__in&quot;,&quot;order&quot;:&quot;ASC&quot;,&quot;source&quot;:&quot;categories&quot;,&quot;items&quot;:&quot;&quot;,&quot;categories&quot;:&quot;37&quot;,&quot;save_aspect_ratio&quot;:&quot;off&quot;,&quot;carousel_nav&quot;:&quot;off&quot;,&quot;infinite_loop&quot;:&quot;on&quot;,&quot;mousewheel&quot;:&quot;on&quot;,&quot;speed&quot;:&quot;300&quot;,&quot;autoplay&quot;:&quot;on&quot;,&quot;autoplay_speed&quot;:&quot;5000&quot;,&quot;width&quot;:&quot;600&quot;,&quot;id&quot;:1706}\" class=\"button-style2 loadmore-button load_more_on_scroll\"><span>\u3082\u3063\u3068\u8aad\u307f\u8fbc\u3080<\/span><\/a><\/div><\/div><\/div><\/div><\/div><\/div>","protected":false},"excerpt":{"rendered":"","protected":false},"author":1,"featured_media":0,"parent":0,"menu_order":0,"comment_status":"closed","ping_status":"closed","template":"template-landing.php","meta":[],"_links":{"self":[{"href":"https:\/\/www.mamoruoguro.com\/ja\/wp-json\/wp\/v2\/pages\/1728"}],"collection":[{"href":"https:\/\/www.mamoruoguro.com\/ja\/wp-json\/wp\/v2\/pages"}],"about":[{"href":"https:\/\/www.mamoruoguro.com\/ja\/wp-json\/wp\/v2\/types\/page"}],"author":[{"embeddable":true,"href":"https:\/\/www.mamoruoguro.com\/ja\/wp-json\/wp\/v2\/users\/1"}],"replies":[{"embeddable":true,"href":"https:\/\/www.mamoruoguro.com\/ja\/wp-json\/wp\/v2\/comments?post=1728"}],"version-history":[{"count":3,"href":"https:\/\/www.mamoruoguro.com\/ja\/wp-json\/wp\/v2\/pages\/1728\/revisions"}],"predecessor-version":[{"id":2474,"href":"https:\/\/www.mamoruoguro.com\/ja\/wp-json\/wp\/v2\/pages\/1728\/revisions\/2474"}],"wp:attachment":[{"href":"https:\/\/www.mamoruoguro.com\/ja\/wp-json\/wp\/v2\/media?parent=1728"}],"curies":[{"name":"wp","href":"https:\/\/api.w.org\/{rel}","templated":true}]}}