{"id":2263,"date":"2021-05-19T10:16:28","date_gmt":"2021-05-19T13:16:28","guid":{"rendered":"https:\/\/www.mamoruoguro.com\/?page_id=2263"},"modified":"2021-05-19T10:16:28","modified_gmt":"2021-05-19T13:16:28","slug":"promocao-fotografica-dia-das-criancas-saquarema","status":"publish","type":"page","link":"https:\/\/www.mamoruoguro.com\/es\/promocao-fotografica-dia-das-criancas-saquarema\/","title":{"rendered":"Promoci\u00f3n fotogr\u00e1fica | D\u00eda del Ni\u00f1o | saquarema"},"content":{"rendered":"<div class=\"vc_row wpb_row vc_row-fluid vc_row-6a079b7bd4fda\"><div class=\"wpb_column vc_column_container vc_col-sm-12 vc_row-6a079b7bd5495\"><div class=\"vc_column-inner\"><div class=\"wpb_wrapper\">      <div class=\"heading-block heading-60a50f79eb55b tac h-h3\">\n                  <h3 class=\"h\">Promoci\u00f3n fotogr\u00e1fica | D\u00eda del Ni\u00f1o | Saquarema y Araruama<\/h3>\n              <\/div>\n    <\/div><\/div><\/div><\/div><div class=\"vc_row wpb_row vc_row-fluid vc_row-6a079b7bd5705\"><div class=\"wpb_column vc_column_container vc_col-sm-12 vc_row-6a079b7bd588b\"><div class=\"vc_column-inner\"><div class=\"wpb_wrapper\"><div class=\"price-list-type2 row price-list-type2-6a079b7bd58ea\"><div class=\"item price-list-type2-item-6a079b7bd595e col-12 col-sm-12 col-md-12 col-lg-12\">\n        <h6 class=\"h\">Solo R$ 380.00 - Incluye \u00e1lbum de fotos con tapa dura<\/h6>\n        \n        <div class=\"img\" style=\"background-image: url(https:\/\/www.mamoruoguro.com\/wp-content\/uploads\/2021\/05\/reggae_saquarema-7967-blackwhite.jpg)\"><\/div>\n        <div class=\"options\">\n            <div class=\"heading-decor\"><h5>Eterniza los mejores momentos de la vida de tu hijo de una forma especial.<\/h5><\/div>\n            <div class=\"o-row\">Ubicaci\u00f3n: Para combinar<br \/><\/div><div class=\"o-row\">Duraci\u00f3n: A convenir<br \/><\/div><div class=\"o-row\">N\u00famero de fotos a entregar: 20<br \/><\/div><div class=\"o-row\">Entrega en formato digital a trav\u00e9s de enlace: S\u00ed<br \/><\/div><div class=\"o-row\">Plazo de entrega de fotograf\u00edas digitales tratadas (postproducci\u00f3n): M\u00ednimo 72 horas<br \/><\/div><div class=\"o-row\">Incluye \u00e1lbum de fotos impreso: S\u00ed<br \/><\/div><div class=\"o-row\">\u00c1lbum de tapa dura: S\u00ed<br \/><\/div><div class=\"o-row\">* Se aceptan pagos a plazos con tarjeta de cr\u00e9dito.<br \/><\/div><div class=\"o-row\">** La imagen del anuncio es ilustrativa.<\/div>\n        <\/div>\n        <a href=\"https:\/\/api.whatsapp.com\/send\/?phone=5522997346188&#038;text=Ol%C3%A1%2C+eu+quero+agendar+minhas+fotos+da%20promo\u00e7\u00e3o+dia+das+crian\u00e7as.&#038;app_absent=0\" class=\"button-style1\">QUIERO LA PROMOCI\u00d3N DEL D\u00cdA DEL NI\u00d1O<\/a>\n    <\/div><\/div><\/div><\/div><\/div><\/div>","protected":false},"excerpt":{"rendered":"Promoci\u00f3n Fotogr\u00e1fica | D\u00eda del Ni\u00f1o | S\u00f3lo Saquarema y Araruama R$ 380.00 - Incluye \u00c1lbum de Fotos con Tapa Dura Eterniza los mejores momentos de la vida de tu hijo de una manera especial. Lugar: A concertar Duraci\u00f3n: A concertar N\u00famero de fotos a entregar: 20 Entrega en formato digital a trav\u00e9s de enlace: S\u00ed Fecha l\u00edmite de entrega de fotos [...]","protected":false},"author":1,"featured_media":0,"parent":0,"menu_order":0,"comment_status":"closed","ping_status":"closed","template":"template-landing.php","meta":[],"_links":{"self":[{"href":"https:\/\/www.mamoruoguro.com\/es\/wp-json\/wp\/v2\/pages\/2263"}],"collection":[{"href":"https:\/\/www.mamoruoguro.com\/es\/wp-json\/wp\/v2\/pages"}],"about":[{"href":"https:\/\/www.mamoruoguro.com\/es\/wp-json\/wp\/v2\/types\/page"}],"author":[{"embeddable":true,"href":"https:\/\/www.mamoruoguro.com\/es\/wp-json\/wp\/v2\/users\/1"}],"replies":[{"embeddable":true,"href":"https:\/\/www.mamoruoguro.com\/es\/wp-json\/wp\/v2\/comments?post=2263"}],"version-history":[{"count":1,"href":"https:\/\/www.mamoruoguro.com\/es\/wp-json\/wp\/v2\/pages\/2263\/revisions"}],"predecessor-version":[{"id":2266,"href":"https:\/\/www.mamoruoguro.com\/es\/wp-json\/wp\/v2\/pages\/2263\/revisions\/2266"}],"wp:attachment":[{"href":"https:\/\/www.mamoruoguro.com\/es\/wp-json\/wp\/v2\/media?parent=2263"}],"curies":[{"name":"wp","href":"https:\/\/api.w.org\/{rel}","templated":true}]}}