{"id":2255,"date":"2021-05-19T10:00:54","date_gmt":"2021-05-19T13:00:54","guid":{"rendered":"https:\/\/www.mamoruoguro.com\/?page_id=2255"},"modified":"2021-05-19T10:07:13","modified_gmt":"2021-05-19T13:07:13","slug":"promocao-fotografica-dia-dos-pais-saquarema","status":"publish","type":"page","link":"https:\/\/www.mamoruoguro.com\/es\/promocao-fotografica-dia-dos-pais-saquarema\/","title":{"rendered":"Promoci\u00f3n fotogr\u00e1fica | Dia del padre | saquarema"},"content":{"rendered":"<div class=\"vc_row wpb_row vc_row-fluid vc_row-69dbad8806a1e\"><div class=\"wpb_column vc_column_container vc_col-sm-12 vc_row-69dbad8806ea2\"><div class=\"vc_column-inner\"><div class=\"wpb_wrapper\">      <div class=\"heading-block heading-60a509c3f38a7 tac h-h3\">\n                  <h3 class=\"h\">Promoci\u00f3n fotogr\u00e1fica | Dia del padre | Saquarema y Araruama<\/h3>\n              <\/div>\n    <\/div><\/div><\/div><\/div><div class=\"vc_row wpb_row vc_row-fluid vc_row-69dbad880715a\"><div class=\"wpb_column vc_column_container vc_col-sm-12 vc_row-69dbad880734d\"><div class=\"vc_column-inner\"><div class=\"wpb_wrapper\"><div class=\"price-list-type2 row price-list-type2-69dbad88073ec\"><div class=\"item price-list-type2-item-69dbad88074b2 col-12 col-sm-12 col-md-12 col-lg-12\">\n        <h6 class=\"h\">Solo R$ 380.00 - Incluye \u00e1lbum de fotos con tapa dura<\/h6>\n        \n        <div class=\"img\" style=\"background-image: url(https:\/\/www.mamoruoguro.com\/wp-content\/uploads\/2021\/05\/pais.jpg)\"><\/div>\n        <div class=\"options\">\n            <div class=\"heading-decor\"><h5>\u00a1Hay innumerables razones para darle un regalo a tu padre! Regala hermosas fotograf\u00edas.<\/h5><\/div>\n            <div class=\"o-row\">Ubicaci\u00f3n: Para combinar<br \/><\/div><div class=\"o-row\">Duraci\u00f3n: A convenir<br \/><\/div><div class=\"o-row\">N\u00famero de fotos a entregar: 20<br \/><\/div><div class=\"o-row\">Entrega en formato digital a trav\u00e9s de enlace: S\u00ed<br \/><\/div><div class=\"o-row\">Plazo de entrega de fotograf\u00edas digitales tratadas (postproducci\u00f3n): M\u00ednimo 72 horas<br \/><\/div><div class=\"o-row\">Incluye \u00e1lbum de fotos impreso: S\u00ed<br \/><\/div><div class=\"o-row\">\u00c1lbum de tapa dura: S\u00ed<br \/><\/div><div class=\"o-row\">* Se aceptan pagos a plazos con tarjeta de cr\u00e9dito.<br \/><\/div><div class=\"o-row\">** La imagen del anuncio es ilustrativa.<\/div>\n        <\/div>\n        <a href=\"https:\/\/api.whatsapp.com\/send\/?phone=5522997346188&#038;text=Ol%C3%A1%2C+eu+quero+agendar+minhas+fotos+da%20promo\u00e7\u00e3o+dia+dos+pais.&#038;app_absent=0\" class=\"button-style1\">QUIERO PRESENTAR A MI PADRE<\/a>\n    <\/div><\/div><\/div><\/div><\/div><\/div>","protected":false},"excerpt":{"rendered":"Promoci\u00f3n Fotogr\u00e1fica | D\u00eda del Padre | S\u00f3lo Saquarema y Araruama R$ 380.00 - Incluye \u00c1lbum de Fotos con Tapa Dura \u00a1Hay innumerables razones para regalarle a tu padre! Regalo con hermosas fotograf\u00edas. Lugar: A concertar Duraci\u00f3n: A concertar N\u00famero de fotos a entregar: 20 Entrega en formato digital v\u00eda link: Si Fecha l\u00edmite de entrega de fotos digitales procesadas [...]","protected":false},"author":1,"featured_media":0,"parent":0,"menu_order":0,"comment_status":"closed","ping_status":"closed","template":"template-landing.php","meta":[],"_links":{"self":[{"href":"https:\/\/www.mamoruoguro.com\/es\/wp-json\/wp\/v2\/pages\/2255"}],"collection":[{"href":"https:\/\/www.mamoruoguro.com\/es\/wp-json\/wp\/v2\/pages"}],"about":[{"href":"https:\/\/www.mamoruoguro.com\/es\/wp-json\/wp\/v2\/types\/page"}],"author":[{"embeddable":true,"href":"https:\/\/www.mamoruoguro.com\/es\/wp-json\/wp\/v2\/users\/1"}],"replies":[{"embeddable":true,"href":"https:\/\/www.mamoruoguro.com\/es\/wp-json\/wp\/v2\/comments?post=2255"}],"version-history":[{"count":3,"href":"https:\/\/www.mamoruoguro.com\/es\/wp-json\/wp\/v2\/pages\/2255\/revisions"}],"predecessor-version":[{"id":2261,"href":"https:\/\/www.mamoruoguro.com\/es\/wp-json\/wp\/v2\/pages\/2255\/revisions\/2261"}],"wp:attachment":[{"href":"https:\/\/www.mamoruoguro.com\/es\/wp-json\/wp\/v2\/media?parent=2255"}],"curies":[{"name":"wp","href":"https:\/\/api.w.org\/{rel}","templated":true}]}}