{"id":2026,"date":"2021-05-08T12:56:38","date_gmt":"2021-05-08T15:56:38","guid":{"rendered":"https:\/\/www.mamoruoguro.com\/sitenew\/?page_id=2026"},"modified":"2021-05-10T13:12:52","modified_gmt":"2021-05-10T16:12:52","slug":"precos-book-pacotes-fotograficos","status":"publish","type":"page","link":"https:\/\/www.mamoruoguro.com\/es\/precos-book-pacotes-fotograficos\/","title":{"rendered":"Precios | Libro | Paquetes de fotos | Promociones"},"content":{"rendered":"<div class=\"vc_row wpb_row vc_row-fluid vc_row-69dbada157524\"><div class=\"wpb_column vc_column_container vc_col-sm-12 vc_row-69dbada157980\"><div class=\"vc_column-inner\"><div class=\"wpb_wrapper\">\n\t<div class=\"wpb_text_column wpb_content_element\" >\n\t\t<div class=\"wpb_wrapper\">\n\t\t\t<p style=\"text-align: center;\">\u00bfQuieres saber los precios de los ensayos fotogr\u00e1ficos para hacer un libro (\u00e1lbum impreso)?<\/p>\n<p style=\"text-align: center;\">\u00bfQuieres conocer los precios para contratar un fot\u00f3grafo para tu evento?<\/p>\n<p style=\"text-align: center;\">\u00bfNecesitas fotos profesionales?<\/p>\n<p style=\"text-align: center;\">De todos modos, sea cual sea tu necesidad fotogr\u00e1fica, has encontrado el sitio que te ayudar\u00e1.<\/p>\n<p style=\"text-align: center;\">Los campos de actuaci\u00f3n en fotograf\u00eda son muy amplios, por lo que es imposible trabajar con excelencia en todos. Sin embargo, aunque no trabajo en todos los campos, definitivamente puedo recomendar al mejor fot\u00f3grafo en el campo respectivo con el que no trabajo.<\/p>\n<p style=\"text-align: center;\">Elija el tipo de fotograf\u00eda que desee y no dude en consultarnos.<\/p>\n\n\t\t<\/div>\n\t<\/div>\n<\/div><\/div><\/div><\/div><div class=\"vc_row wpb_row vc_row-fluid vc_row-69dbada157f2f\"><div class=\"wpb_column vc_column_container vc_col-sm-12 vc_row-69dbada158128\"><div class=\"vc_column-inner\"><div class=\"wpb_wrapper\">      <div class=\"heading-block heading- tac h-h4\">\n                  <h4 class=\"h\">Im\u00e1genes - Libro de fotos<\/h4>\n              <\/div>\n    <\/div><\/div><\/div><\/div><div class=\"vc_row wpb_row vc_row-fluid vc_row-69dbada1582fe\"><div class=\"wpb_column vc_column_container vc_col-sm-12 vc_row-69dbada158491\"><div class=\"vc_column-inner\"><div class=\"wpb_wrapper\"><div class=\"price-list-type2 row price-list-type2-69dbada15850b\"><div class=\"item price-list-type2-item-69dbada158629\">\n        <h6 class=\"h\">Libro digital<\/h6>\n        \n        <div class=\"img\" style=\"background-image: url(https:\/\/www.mamoruoguro.com\/wp-content\/uploads\/2021\/05\/tchaia-3.jpg)\"><\/div>\n        <div class=\"options\">\n            <div class=\"heading-decor\"><h5>Detalles<\/h5><\/div>\n            <div class=\"o-row\">Ubicaci\u00f3n: Para combinar<br \/><\/div><div class=\"o-row\">Duraci\u00f3n: A convenir<br \/><\/div><div class=\"o-row\">N\u00famero de fotos a entregar: Por acuerdo<br \/><\/div><div class=\"o-row\">Entrega en formato digital a trav\u00e9s de enlace: S\u00ed<br \/><\/div><div class=\"o-row\">Plazo de entrega de fotograf\u00edas digitales tratadas (postproducci\u00f3n): M\u00ednimo 72 horas<br \/><\/div><div class=\"o-row\">Incluye \u00e1lbum de fotos impreso: No<br \/><\/div><div class=\"o-row\">\u00bfIncluye maquillaje? No<br \/><\/div><div class=\"o-row\">\u00bfIncluye sal\u00f3n de belleza? No<br \/><\/div><div class=\"o-row\">* Se aceptan pagos a plazos con tarjeta de cr\u00e9dito.<br \/><\/div><div class=\"o-row\">** La imagen del anuncio es ilustrativa.<\/div>\n        <\/div>\n        <a href=\"https:\/\/api.whatsapp.com\/send\/?phone=5522997346188&#038;text=Ol%C3%A1%2C+visualizei+o+seu+site+e+gostaria+de+informa%C3%A7%C3%B5es+sobre+o+pre\u00e7o+do+Book+Digital.&#038;app_absent=0\" class=\"button-style1\">Consultar precio<\/a>\n    <\/div><div class=\"item price-list-type2-item-69dbada15c448\">\n        <h6 class=\"h\">Libro + Vendido<\/h6>\n        \n        <div class=\"img\" style=\"background-image: url(https:\/\/www.mamoruoguro.com\/wp-content\/uploads\/2021\/05\/book.jpg)\"><\/div>\n        <div class=\"options\">\n            <div class=\"heading-decor\"><h5>Detalles<\/h5><\/div>\n            <div class=\"o-row\">Ubicaci\u00f3n: Para combinar<br \/><\/div><div class=\"o-row\">Duraci\u00f3n: A convenir<br \/><\/div><div class=\"o-row\">N\u00famero de fotos a entregar: Por acuerdo<br \/><\/div><div class=\"o-row\">Entrega en formato digital a trav\u00e9s de enlace: S\u00ed<br \/><\/div><div class=\"o-row\">Plazo de entrega de fotograf\u00edas digitales tratadas (postproducci\u00f3n): M\u00ednimo 72 horas<br \/><\/div><div class=\"o-row\">Incluye \u00e1lbum de fotos impreso: S\u00ed<br \/><\/div><div class=\"o-row\">\u00bfIncluye maquillaje? No<br \/><\/div><div class=\"o-row\">\u00bfIncluye sal\u00f3n de belleza? No<br \/><\/div><div class=\"o-row\">* Se aceptan pagos a plazos con tarjeta de cr\u00e9dito.<br \/><\/div><div class=\"o-row\">** La imagen del anuncio es ilustrativa.<\/div>\n        <\/div>\n        <a href=\"https:\/\/api.whatsapp.com\/send\/?phone=5522997346188&#038;text=Ol%C3%A1%2C+visualizei+o+seu+site+e+gostaria+de+informa%C3%A7%C3%B5es+sobre+o+pre\u00e7o+do+Book+Mais+Vendido.&#038;app_absent=0\" class=\"button-style1\">Consultar precio<\/a>\n    <\/div><div class=\"item price-list-type2-item-69dbada15fe5b\">\n        <h6 class=\"h\">Libro de preboda<\/h6>\n        \n        <div class=\"img\" style=\"background-image: url(https:\/\/www.mamoruoguro.com\/wp-content\/uploads\/2021\/05\/samarawanderson-14.jpg)\"><\/div>\n        <div class=\"options\">\n            <div class=\"heading-decor\"><h5>Detalles<\/h5><\/div>\n            <div class=\"o-row\">Ubicaci\u00f3n: Para combinar<br \/><\/div><div class=\"o-row\">Duraci\u00f3n: A convenir<br \/><\/div><div class=\"o-row\">N\u00famero de fotos a entregar: Por acuerdo<br \/><\/div><div class=\"o-row\">Entrega en formato digital a trav\u00e9s de enlace: S\u00ed<br \/><\/div><div class=\"o-row\">Plazo de entrega de fotograf\u00edas digitales tratadas (postproducci\u00f3n): M\u00ednimo 72 horas<br \/><\/div><div class=\"o-row\">Incluye \u00e1lbum de fotos impreso: S\u00ed<br \/><\/div><div class=\"o-row\">\u00bfIncluye maquillaje? No<br \/><\/div><div class=\"o-row\">\u00bfIncluye sal\u00f3n de belleza? No<br \/><\/div><div class=\"o-row\">* Se aceptan pagos a plazos con tarjeta de cr\u00e9dito.<br \/><\/div><div class=\"o-row\">** La imagen del anuncio es ilustrativa.<\/div>\n        <\/div>\n        <a href=\"https:\/\/api.whatsapp.com\/send\/?phone=5522997346188&#038;text=Ol%C3%A1%2C+visualizei+o+seu+site+e+gostaria+de+informa%C3%A7%C3%B5es+sobre+o+pre\u00e7o+do+Book+Pr\u00e9+Wedding.&#038;app_absent=0\" class=\"button-style1\">Consultar precio<\/a>\n    <\/div><div class=\"item price-list-type2-item-69dbada16370f\">\n        <h6 class=\"h\">Disparo sensual<\/h6>\n        \n        <div class=\"img\" style=\"background-image: url(https:\/\/www.mamoruoguro.com\/wp-content\/uploads\/2021\/05\/fotolivro-1.jpg)\"><\/div>\n        <div class=\"options\">\n            <div class=\"heading-decor\"><h5>Detalles<\/h5><\/div>\n            <div class=\"o-row\">Ubicaci\u00f3n: Para combinar<br \/><\/div><div class=\"o-row\">Duraci\u00f3n: A convenir<br \/><\/div><div class=\"o-row\">N\u00famero de fotos a entregar: Por acuerdo<br \/><\/div><div class=\"o-row\">Entrega en formato digital a trav\u00e9s de enlace: S\u00ed<br \/><\/div><div class=\"o-row\">Plazo de entrega de fotograf\u00edas digitales tratadas (postproducci\u00f3n): M\u00ednimo 72 horas<br \/><\/div><div class=\"o-row\">Incluye \u00e1lbum de fotos impreso: S\u00ed<br \/><\/div><div class=\"o-row\">\u00bfIncluye maquillaje? No<br \/><\/div><div class=\"o-row\">\u00bfIncluye sal\u00f3n de belleza? No<br \/><\/div><div class=\"o-row\">* Se aceptan pagos a plazos con tarjeta de cr\u00e9dito.<br \/><\/div><div class=\"o-row\">** La imagen del anuncio es ilustrativa.<\/div>\n        <\/div>\n        <a href=\"https:\/\/api.whatsapp.com\/send\/?phone=5522997346188&#038;text=Ol%C3%A1%2C+visualizei+o+seu+site+e+gostaria+de+informa%C3%A7%C3%B5es+sobre+o+pre\u00e7o+do+Ensaio+Sensual.&#038;app_absent=0\" class=\"button-style1\">Consultar precio<\/a>\n    <\/div><\/div><\/div><\/div><\/div><\/div><div class=\"vc_row wpb_row vc_row-fluid vc_row-69dbada167515\"><div class=\"wpb_column vc_column_container vc_col-sm-12 vc_row-69dbada16769f\"><div class=\"vc_column-inner\"><div class=\"wpb_wrapper\">      <div class=\"heading-block heading-608f838c4d8d4 tac h-h4\">\n                  <h4 class=\"h\">Cobertura fotogr\u00e1fica - Fiesta infantil<\/h4>\n              <\/div>\n    <\/div><\/div><\/div><\/div><div class=\"vc_row wpb_row vc_row-fluid vc_row-69dbada16786f\"><div class=\"wpb_column vc_column_container vc_col-sm-12 vc_row-69dbada1679a4\"><div class=\"vc_column-inner\"><div class=\"wpb_wrapper\"><div class=\"price-list-type2 row price-list-type2-69dbada1679df\"><div class=\"item price-list-type2-item-69dbada167a49\">\n        <h6 class=\"h\">Aplasta el pastel<\/h6>\n        \n        <div class=\"img\" style=\"\"><\/div>\n        <div class=\"options\">\n            \n            \n        <\/div>\n        <a href=\"https:\/\/api.whatsapp.com\/send\/?phone=5522997346188&#038;text=Ol%C3%A1%2C+visualizei+o+seu+site+e+gostaria+de+indica%C3%A7%C3%B5es+de+fot\u00f3grafos+para+ensaio+Smash+the+Cake.&#038;app_absent=0\" class=\"button-style1\">Solicitar recomendaci\u00f3n<\/a>\n    <\/div><div class=\"item price-list-type2-item-69dbada168354\">\n        <h6 class=\"h\">Bautismo infantil<\/h6>\n        \n        <div class=\"img\" style=\"\"><\/div>\n        <div class=\"options\">\n            \n            \n        <\/div>\n        <a href=\"https:\/\/api.whatsapp.com\/send\/?phone=5522997346188&#038;text=Ol%C3%A1%2C+visualizei+o+seu+site+e+gostaria+de+indica%C3%A7%C3%B5es+de+fot\u00f3grafos+para+a+cerim\u00f4nia+de+batizado+do+meu+filho.&#038;app_absent=0\" class=\"button-style1\">Solicitar recomendaci\u00f3n<\/a>\n    <\/div><div class=\"item price-list-type2-item-69dbada1689e5\">\n        <h6 class=\"h\">Cumplea\u00f1os de los ni\u00f1os<\/h6>\n        \n        <div class=\"img\" style=\"background-image: url(https:\/\/www.mamoruoguro.com\/wp-content\/uploads\/2021\/05\/reggae_saquarema-7967.jpg)\"><\/div>\n        <div class=\"options\">\n            <div class=\"heading-decor\"><h5>Detalles<\/h5><\/div>\n            <div class=\"o-row\">Ubicaci\u00f3n: Para combinar<br \/><\/div><div class=\"o-row\">Duraci\u00f3n: A convenir<br \/><\/div><div class=\"o-row\">N\u00famero de fotos a entregar: Por acuerdo<br \/><\/div><div class=\"o-row\">Entrega en formato digital a trav\u00e9s de enlace: S\u00ed<br \/><\/div><div class=\"o-row\">Plazo de entrega de fotograf\u00edas digitales tratadas (postproducci\u00f3n): M\u00ednimo 72 horas<br \/><\/div><div class=\"o-row\">Incluye \u00e1lbum de fotos impreso: S\u00ed<br \/><\/div><div class=\"o-row\">* Se aceptan pagos a plazos con tarjeta de cr\u00e9dito.<br \/><\/div><div class=\"o-row\">** La imagen del anuncio es ilustrativa.<\/div>\n        <\/div>\n        <a href=\"https:\/\/api.whatsapp.com\/send\/?phone=5522997346188&#038;text=Ol%C3%A1%2C+visualizei+o+seu+site+e+gostaria+de+informa%C3%A7%C3%B5es+sobre+o+pre\u00e7o+para+cobertura+fotogr\u00e1fica+da+festa+de+anivers\u00e1rio+infantil.&#038;app_absent=0\" class=\"button-style1\">Consultar precio<\/a>\n    <\/div><\/div><\/div><\/div><\/div><\/div><div class=\"vc_row wpb_row vc_row-fluid vc_row-69dbada16c3bf\"><div class=\"wpb_column vc_column_container vc_col-sm-12 vc_row-69dbada16c5ae\"><div class=\"vc_column-inner\"><div class=\"wpb_wrapper\">      <div class=\"heading-block heading-608f83e0dd9ef tac h-h4\">\n                  <h4 class=\"h\">Cobertura de fotos - Eventos<\/h4>\n              <\/div>\n    <\/div><\/div><\/div><\/div><div class=\"vc_row wpb_row vc_row-fluid vc_row-69dbada16c730\"><div class=\"wpb_column vc_column_container vc_col-sm-12 vc_row-69dbada16c866\"><div class=\"vc_column-inner\"><div class=\"wpb_wrapper\"><div class=\"price-list-type2 row price-list-type2-69dbada16c8a0\"><div class=\"item price-list-type2-item-69dbada16c937\">\n        <h6 class=\"h\">MATRIMONIOS<\/h6>\n        \n        <div class=\"img\" style=\"\"><\/div>\n        <div class=\"options\">\n            \n            \n        <\/div>\n        <a href=\"https:\/\/api.whatsapp.com\/send\/?phone=5522997346188&#038;text=Ol%C3%A1%2C+visualizei+o+seu+site+e+gostaria+de+indica%C3%A7%C3%B5es+de+fot\u00f3grafos+especializados+em+cobertura+de+casamentos.&#038;app_absent=0\" class=\"button-style1\">Solicitar recomendaci\u00f3n<\/a>\n    <\/div><div class=\"item price-list-type2-item-69dbada16d0f7\">\n        <h6 class=\"h\">GRADUACI\u00d3N<\/h6>\n        \n        <div class=\"img\" style=\"\"><\/div>\n        <div class=\"options\">\n            <div class=\"heading-decor\"><h5>Detalles<\/h5><\/div>\n            \n        <\/div>\n        <a href=\"https:\/\/api.whatsapp.com\/send\/?phone=5522997346188&#038;text=Ol%C3%A1%2C+visualizei+o+seu+site+e+gostaria+de+informa%C3%A7%C3%B5es+sobre+o+pre\u00e7o+para+cobertura+fotogr\u00e1fica+da+cerom\u00f4nia+e+festa+de+formatura.&#038;app_absent=0\" class=\"button-style1\">SOLICITAR RECOMENDACI\u00d3N<\/a>\n    <\/div><div class=\"item price-list-type2-item-69dbada16df6d\">\n        <h6 class=\"h\">FIESTA DE 15 A\u00d1OS<\/h6>\n        \n        <div class=\"img\" style=\"\"><\/div>\n        <div class=\"options\">\n            \n            \n        <\/div>\n        <a href=\"https:\/\/api.whatsapp.com\/send\/?phone=5522997346188&#038;text=Ol%C3%A1%2C+visualizei+o+seu+site+e+gostaria+de+indica%C3%A7%C3%B5es+de+fot\u00f3grafos+especializados+em+cobertura+de+festa+de+15+anos.&#038;app_absent=0\" class=\"button-style1\">Solicitar recomendaci\u00f3n<\/a>\n    <\/div><\/div><\/div><\/div><\/div><\/div><div class=\"vc_row wpb_row vc_row-fluid vc_row-69dbada16e76b\"><div class=\"wpb_column vc_column_container vc_col-sm-12 vc_row-69dbada16e8bb\"><div class=\"vc_column-inner\"><div class=\"wpb_wrapper\">      <div class=\"heading-block heading-608f848e39e59 tac h-h4\">\n                  <h4 class=\"h\">Fotograf\u00eda para empresas<\/h4>\n              <\/div>\n    <\/div><\/div><\/div><\/div><div class=\"vc_row wpb_row vc_row-fluid vc_row-69dbada16ea33\"><div class=\"wpb_column vc_column_container vc_col-sm-12 vc_row-69dbada16eb98\"><div class=\"vc_column-inner\"><div class=\"wpb_wrapper\"><div class=\"price-list-type2 row price-list-type2-69dbada16ebf1\"><div class=\"item price-list-type2-item-69dbada16ec73\">\n        <h6 class=\"h\">FOTOGRAF\u00cdA PARA RESTAURANTES<\/h6>\n        \n        <div class=\"img\" style=\"background-image: url(https:\/\/www.mamoruoguro.com\/wp-content\/uploads\/2021\/05\/cebola-edit2048.jpg)\"><\/div>\n        <div class=\"options\">\n            <div class=\"heading-decor\"><h5>Detalles<\/h5><\/div>\n            <div class=\"o-row\">Ubicaci\u00f3n: Para combinar<br \/><\/div><div class=\"o-row\">Duraci\u00f3n: A convenir<br \/><\/div><div class=\"o-row\">N\u00famero de fotos a entregar: Por acuerdo<br \/><\/div><div class=\"o-row\">Entrega en formato digital a trav\u00e9s de enlace: S\u00ed<br \/><\/div><div class=\"o-row\">Plazo de entrega de fotograf\u00edas digitales tratadas (postproducci\u00f3n): M\u00ednimo 72 horas<br \/><\/div><div class=\"o-row\">Incluye \u00e1lbum de fotos impreso: No<br \/><\/div><div class=\"o-row\">* Se aceptan pagos a plazos con tarjeta de cr\u00e9dito.<br \/><\/div><div class=\"o-row\">** La imagen del anuncio es ilustrativa.<\/div>\n        <\/div>\n        <a href=\"https:\/\/api.whatsapp.com\/send\/?phone=5522997346188&#038;text=Ol%C3%A1%2C+visualizei+o+seu+site+e+gostaria+de+informa%C3%A7%C3%B5es+sobre+o+pre\u00e7o+para+fotos+gastron\u00f4micas+para+restaurante.&#038;app_absent=0\" class=\"button-style1\">Consultar precio<\/a>\n    <\/div><div class=\"item price-list-type2-item-69dbada17221b\">\n        <h6 class=\"h\">FOTOGRAFIA | HOTELES Y CUBIERTAS<\/h6>\n        \n        <div class=\"img\" style=\"\"><\/div>\n        <div class=\"options\">\n            <div class=\"heading-decor\"><h5>Detalles<\/h5><\/div>\n            <div class=\"o-row\">Ubicaci\u00f3n: Para combinar<br \/><\/div><div class=\"o-row\">Duraci\u00f3n: A convenir<br \/><\/div><div class=\"o-row\">N\u00famero de fotos a entregar: Por acuerdo<br \/><\/div><div class=\"o-row\">Entrega en formato digital a trav\u00e9s de enlace: S\u00ed<br \/><\/div><div class=\"o-row\">Plazo de entrega de fotograf\u00edas digitales tratadas (postproducci\u00f3n): M\u00ednimo 72 horas<br \/><\/div><div class=\"o-row\">Incluye \u00e1lbum de fotos impreso: No<br \/><\/div><div class=\"o-row\">* Se aceptan pagos a plazos con tarjeta de cr\u00e9dito.<br \/><\/div><div class=\"o-row\">** La imagen del anuncio es ilustrativa.<\/div>\n        <\/div>\n        <a href=\"https:\/\/api.whatsapp.com\/send\/?phone=5522997346188&#038;text=Ol%C3%A1%2C+visualizei+o+seu+site+e+gostaria+de+informa%C3%A7%C3%B5es+sobre+o+pre\u00e7o+para+fotos+de+arquitetura+para+hot\u00e9is+e+pousadas.&#038;app_absent=0\" class=\"button-style1\">Consultar precio<\/a>\n    <\/div><div class=\"item price-list-type2-item-69dbada17519e\">\n        <h6 class=\"h\">FOTOGRAFIA CORPORATIVA<\/h6>\n        \n        <div class=\"img\" style=\"\"><\/div>\n        <div class=\"options\">\n            <div class=\"heading-decor\"><h5>Detalles<\/h5><\/div>\n            <div class=\"o-row\">Ubicaci\u00f3n: Para combinar<br \/><\/div><div class=\"o-row\">Duraci\u00f3n: A convenir<br \/><\/div><div class=\"o-row\">N\u00famero de fotos a entregar: Por acuerdo<br \/><\/div><div class=\"o-row\">Entrega en formato digital a trav\u00e9s de enlace: S\u00ed<br \/><\/div><div class=\"o-row\">Plazo de entrega de fotograf\u00edas digitales tratadas (postproducci\u00f3n): M\u00ednimo 72 horas<br \/><\/div><div class=\"o-row\">Incluye \u00e1lbum de fotos impreso: No<br \/><\/div><div class=\"o-row\">* Se aceptan pagos a plazos con tarjeta de cr\u00e9dito.<br \/><\/div><div class=\"o-row\">** La imagen del anuncio es ilustrativa.<\/div>\n        <\/div>\n        <a href=\"https:\/\/api.whatsapp.com\/send\/?phone=5522997346188&#038;text=Ol%C3%A1%2C+visualizei+o+seu+site+e+gostaria+de+informa%C3%A7%C3%B5es+sobre+o+pre\u00e7o+para+fotos+corporativas.&#038;app_absent=0\" class=\"button-style1\">Consultar precio<\/a>\n    <\/div><\/div><\/div><\/div><\/div><\/div><div class=\"vc_row wpb_row vc_row-fluid vc_row-69dbada1783ae\"><div class=\"wpb_column vc_column_container vc_col-sm-12 vc_row-69dbada178595\"><div class=\"vc_column-inner\"><div class=\"wpb_wrapper\">      <div class=\"heading-block heading-608f84fad89a7 tac h-h4\">\n                  <h4 class=\"h\">Fotograf\u00eda de producto<\/h4>\n              <\/div>\n    <\/div><\/div><\/div><\/div><div class=\"vc_row wpb_row vc_row-fluid vc_row-69dbada178759\"><div class=\"wpb_column vc_column_container vc_col-sm-12 vc_row-69dbada178912\"><div class=\"vc_column-inner\"><div class=\"wpb_wrapper\"><div class=\"price-list-type2 row price-list-type2-69dbada178950\"><div class=\"item price-list-type2-item-69dbada1789c6\">\n        <h6 class=\"h\">PRODUCTOS | FONDO BLANCO<\/h6>\n        \n        <div class=\"img\" style=\"background-image: url(https:\/\/www.mamoruoguro.com\/wp-content\/uploads\/2021\/05\/fotografo-produtos-10.jpg)\"><\/div>\n        <div class=\"options\">\n            <div class=\"heading-decor\"><h5>Detalles<\/h5><\/div>\n            <div class=\"o-row\">Ubicaci\u00f3n: Estudio<br \/><\/div><div class=\"o-row\">Duraci\u00f3n: A convenir<br \/><\/div><div class=\"o-row\">N\u00famero de fotos a entregar: Por acuerdo<br \/><\/div><div class=\"o-row\">Entrega en formato: Digital (fotos en alta resoluci\u00f3n)<br \/><\/div><div class=\"o-row\">Plazo de entrega de fotograf\u00edas tratadas (postproducci\u00f3n): M\u00ednimo 72 horas<br \/><\/div><div class=\"o-row\">* Se aceptan pagos a plazos con tarjeta de cr\u00e9dito.<br \/><\/div><div class=\"o-row\">** La imagen del anuncio es ilustrativa.<\/div>\n        <\/div>\n        <a href=\"https:\/\/api.whatsapp.com\/send\/?phone=5522997346188&#038;text=Ol%C3%A1%2C+visualizei+o+seu+site+e+gostaria+de+informa%C3%A7%C3%B5es+sobre+o+pre\u00e7o+para+fotos+de+produtos+com+fundo+branco.&#038;app_absent=0\" class=\"button-style1\">Consultar precio<\/a>\n    <\/div><div class=\"item price-list-type2-item-69dbada17b530\">\n        <h6 class=\"h\">PRODUCTOS | TODAV\u00cdA<\/h6>\n        \n        <div class=\"img\" style=\"background-image: url(https:\/\/www.mamoruoguro.com\/wp-content\/uploads\/2021\/05\/fotografo-produtos-5.jpg)\"><\/div>\n        <div class=\"options\">\n            <div class=\"heading-decor\"><h5>Detalles<\/h5><\/div>\n            <div class=\"o-row\">Ubicaci\u00f3n: Estudio<br \/><\/div><div class=\"o-row\">Duraci\u00f3n: A convenir<br \/><\/div><div class=\"o-row\">N\u00famero de fotos a entregar: Por acuerdo<br \/><\/div><div class=\"o-row\">Entrega en formato: Digital (fotos en alta resoluci\u00f3n)<br \/><\/div><div class=\"o-row\">Plazo de entrega de fotograf\u00edas tratadas (postproducci\u00f3n): M\u00ednimo 72 horas<br \/><\/div><div class=\"o-row\">* Se aceptan pagos a plazos con tarjeta de cr\u00e9dito.<br \/><\/div><div class=\"o-row\">** La imagen del anuncio es ilustrativa.<\/div>\n        <\/div>\n        <a href=\"https:\/\/api.whatsapp.com\/send\/?phone=5522997346188&#038;text=Ol%C3%A1%2C+visualizei+o+seu+site+e+gostaria+de+informa%C3%A7%C3%B5es+sobre+o+pre\u00e7o+para+fotos+estilizadas+de+produtos.&#038;app_absent=0\" class=\"button-style1\">Consultar precio<\/a>\n    <\/div><\/div><\/div><\/div><\/div><\/div><div class=\"vc_row wpb_row vc_row-fluid vc_row-69dbada17e415\"><div class=\"wpb_column vc_column_container vc_col-sm-12 vc_row-69dbada17e57c\"><div class=\"vc_column-inner\"><div class=\"wpb_wrapper\">\n\t<div class=\"wpb_text_column wpb_content_element\" >\n\t\t<div class=\"wpb_wrapper\">\n\t\t\t<p style=\"text-align: center;\"><span style=\"font-size: 11px;\">*** Si usted es fot\u00f3grafo y vino a mi sitio por curiosidad, sin embargo, desea ser nominado en un campo en el que no trabajo, env\u00edeme su sitio de portafolio para su consideraci\u00f3n.<\/span><\/p>\n<p style=\"text-align: center;\"><span style=\"font-size: 11px;\">Precios | Precios de ensayos fotogr\u00e1ficos | Precios de libros | \u00c1lbum de fotos | Fot\u00f3grafo de eventos | Graduacion | 15 a\u00f1os | Arquitectura | Gastronomia | Romper el pastel | Preboda | Ensayo sensual | \u00bfCu\u00e1nto cuesta? <a href=\"https:\/\/www.mamoruoguro.com\/es\/fotoblog\/\">Blog de fotos<\/a>\u00a0|\u00a0<a href=\"https:\/\/www.grupowebster.com.br\/\" target=\"_blank\" rel=\"noopener\">Webster Group<\/a><\/span><\/p>\n\n\t\t<\/div>\n\t<\/div>\n<\/div><\/div><\/div><\/div>","protected":false},"excerpt":{"rendered":"\u00bfQuieres saber precios de ensayos fotogr\u00e1ficos para hacer un libro (\u00e1lbum impreso)? \u00bfQuieres saber precios para contratar un fot\u00f3grafo para tu evento? \u00bfNecesitas fotos profesionales? Sea cual sea tu necesidad fotogr\u00e1fica, has encontrado el sitio que te ayudar\u00e1. Los campos de actividad de la fotograf\u00eda son muy amplios, por lo que es imposible actuar [...]","protected":false},"author":1,"featured_media":0,"parent":0,"menu_order":0,"comment_status":"closed","ping_status":"closed","template":"","meta":[],"_links":{"self":[{"href":"https:\/\/www.mamoruoguro.com\/es\/wp-json\/wp\/v2\/pages\/2026"}],"collection":[{"href":"https:\/\/www.mamoruoguro.com\/es\/wp-json\/wp\/v2\/pages"}],"about":[{"href":"https:\/\/www.mamoruoguro.com\/es\/wp-json\/wp\/v2\/types\/page"}],"author":[{"embeddable":true,"href":"https:\/\/www.mamoruoguro.com\/es\/wp-json\/wp\/v2\/users\/1"}],"replies":[{"embeddable":true,"href":"https:\/\/www.mamoruoguro.com\/es\/wp-json\/wp\/v2\/comments?post=2026"}],"version-history":[{"count":4,"href":"https:\/\/www.mamoruoguro.com\/es\/wp-json\/wp\/v2\/pages\/2026\/revisions"}],"predecessor-version":[{"id":2048,"href":"https:\/\/www.mamoruoguro.com\/es\/wp-json\/wp\/v2\/pages\/2026\/revisions\/2048"}],"wp:attachment":[{"href":"https:\/\/www.mamoruoguro.com\/es\/wp-json\/wp\/v2\/media?parent=2026"}],"curies":[{"name":"wp","href":"https:\/\/api.w.org\/{rel}","templated":true}]}}