{"id":2019,"date":"2021-05-08T11:40:31","date_gmt":"2021-05-08T14:40:31","guid":{"rendered":"https:\/\/www.mamoruoguro.com\/sitenew\/?page_id=2019"},"modified":"2021-06-01T15:25:42","modified_gmt":"2021-06-01T18:25:42","slug":"parceria-modelo-fotografos","status":"publish","type":"page","link":"https:\/\/www.mamoruoguro.com\/es\/parceria-modelo-fotografos\/","title":{"rendered":"Asociaci\u00f3n con Modelos y Fot\u00f3grafos | Fotograf\u00eda | Libro | Sesi\u00f3n de fotos"},"content":{"rendered":"<div class=\"vc_row wpb_row vc_row-fluid vc_row-6a079a539501e\"><div class=\"wpb_column vc_column_container vc_col-sm-12 vc_row-6a079a5395726\"><div class=\"vc_column-inner\"><div class=\"wpb_wrapper\">\n\t<div class=\"wpb_text_column wpb_content_element\" >\n\t\t<div class=\"wpb_wrapper\">\n\t\t\t<h3 style=\"text-align: center;\"><span style=\"color: #f7a92c;\">Camarader\u00eda<\/span> con modelos y fot\u00f3grafos<\/h3>\n<p style=\"text-align: center;\">Normalmente digo que nadie es fuerte solo, as\u00ed que siempre busco una asociaci\u00f3n.<\/p>\n<p style=\"text-align: center;\">Eres modelo o fot\u00f3grafo, no lo dudes, contactame. Ciertamente podemos establecer una asociaci\u00f3n y trabajar juntos.<\/p>\n<h2 class=\"h\" style=\"text-align: center;\"><span style=\"font-size: 16px;\">Modelos | Camarader\u00eda<\/span><\/h2>\n<p style=\"text-align: center;\">\u00bfTe consideras fotog\u00e9nica (o), act\u00faas o quieres ser modelo? \u00bfQuieres incrementar tu visibilidad y seguidores en las redes sociales?<\/p>\n<p style=\"text-align: center;\">Est\u00e1 claro que las buenas fotos son cruciales para ti.<\/p>\n<p style=\"text-align: center;\">As\u00ed como necesitas un fot\u00f3grafo, el fot\u00f3grafo te necesita a ti.<\/p>\n<p style=\"text-align: center;\">Busco constantemente modelos para producir fotograf\u00edas de autor sobre diversos temas pertinentes. \u00a1Podemos ayudarnos unos a otros!<\/p>\n\n\t\t<\/div>\n\t<\/div>\n      <div class=\"button-container button-608fdb8d6774b center\">\n        <a class=\"button-style1\" href=\"https:\/\/api.whatsapp.com\/send\/?phone=5522997346188&#038;text=Ol%C3%A1%2C+sou+modelo+e+visualizei+o+seu+site.+Gostaria+de+informa%C3%A7%C3%B5es+sobre+como+funciona+e+como+ser+1+parceiro.&#038;app_absent=0\" target=\"_blank\">\n          <span>SOY MODELO Y QUIERO INFORMACI\u00d3N SOBRE C\u00d3MO SER SOCIO (A)<\/span>\n        <\/a>\n      <\/div>\n    \n\t<div class=\"wpb_text_column wpb_content_element\" >\n\t\t<div class=\"wpb_wrapper\">\n\t\t\t<p style=\"text-align: center;\">\u00a1Ser\u00e1 un gran placer hablar contigo!<\/p>\n<div class=\"vc_row wpb_row vc_row-fluid vc_row-60865fa7f38ec\" style=\"text-align: center;\">\n<div class=\"wpb_column vc_column_container vc_col-sm-12 vc_row-60865fa7f3b25\">\n<div class=\"vc_column-inner\">\n<div class=\"wpb_wrapper\">\n<div class=\"heading-block heading-6084a3233525e tac h-h2\">\n<h2 class=\"h\">Fot\u00f3grafos | Camarader\u00eda<\/h2>\n<\/div>\n<\/div>\n<\/div>\n<\/div>\n<\/div>\n<div class=\"vc_row wpb_row vc_row-fluid vc_row-60865fa7f3e15\">\n<div class=\"wpb_column vc_column_container vc_col-sm-12 vc_row-60865fa7f405d\">\n<div class=\"vc_column-inner\">\n<div class=\"wpb_wrapper\">\n<div class=\"wpb_text_column wpb_content_element\">\n<div class=\"wpb_wrapper\">\n<p style=\"text-align: center;\">Como sabemos, las \u00e1reas dentro de la fotograf\u00eda son muchas, por lo que actuar con excelencia en todas ellas es algo complicado (por no decir imposible).<\/p>\n<p style=\"text-align: center;\">En mi opini\u00f3n, tener conocimientos y experiencia en gran parte del campo de la fotograf\u00eda es fundamental en la formaci\u00f3n profesional del fot\u00f3grafo. Sin embargo, para evolucionar y tener excelencia en un \u00e1rea, es necesario elegir los que m\u00e1s se identifican, para profundizar y entregar un material fotogr\u00e1fico diferente.<\/p>\n<p style=\"text-align: center;\">Para estos y otros, siempre estoy abierto a asociarme con fot\u00f3grafos, de todas las \u00e1reas, para poder recomendar clientes e incluso trabajar juntos, si corresponde.<\/p>\n<p style=\"text-align: center;\">\u00bfQu\u00e9 tal si intercambiamos una idea para ver c\u00f3mo podemos contribuir juntos al mercado de la fotograf\u00eda?<\/p>\n<\/div>\n<\/div>\n<\/div>\n<\/div>\n<\/div>\n<\/div>\n\n\t\t<\/div>\n\t<\/div>\n      <div class=\"button-container button-608fdc0c129b2 center\">\n        <a class=\"button-style1\" href=\"https:\/\/api.whatsapp.com\/send\/?phone=5522997346188&#038;text=Ol%C3%A1%2C+trabalho+com+fotos+e+visualizei+o+seu+site.+Gostaria+de+informa%C3%A7%C3%B5es+sobre+como+funciona+e+como+ser+1+parceiro.&#038;app_absent=0\" target=\"_blank\">\n          <span>SOY FOT\u00d3FRAFO (A) Y QUIERO INFORMACI\u00d3N SOBRE C\u00d3MO SER SOCIO (A)<\/span>\n        <\/a>\n      <\/div>\n    \n\t<div class=\"wpb_text_column wpb_content_element\" >\n\t\t<div class=\"wpb_wrapper\">\n\t\t\t<div class=\"vc_row wpb_row vc_row-fluid vc_row-60865fa80090a\">\n<div class=\"wpb_column vc_column_container vc_col-sm-12 vc_row-60865fa800b28\">\n<div class=\"vc_column-inner\">\n<div class=\"wpb_wrapper\">\n<div class=\"wpb_text_column wpb_content_element\">\n<div class=\"wpb_wrapper\">\n<p style=\"text-align: center;\">Profesionales de los m\u00e1s diversos sectores, podemos hablar y encontrar un nombre com\u00fan para beneficiar a todos en este momento de incertidumbre.<\/p>\n<p style=\"text-align: center;\">&quot;Los que caminan solos pueden llegar incluso m\u00e1s r\u00e1pido, pero los que van acompa\u00f1ados, seguro que van m\u00e1s all\u00e1&quot;.<\/p>\n<\/div>\n<\/div>\n<\/div>\n<p>&nbsp;<\/p>\n<\/div>\n<\/div>\n<\/div>\n<div class=\"vc_row wpb_row vc_row-fluid vc_row-60865fa800f37\">\n<div class=\"wpb_column vc_column_container vc_col-sm-12 vc_row-60865fa80117e\">\n<div class=\"vc_column-inner\">\n<div class=\"wpb_wrapper\">\n<div class=\"wpb_text_column wpb_content_element\">\n<div class=\"wpb_wrapper\">\n<p>&nbsp;<\/p>\n<p style=\"text-align: center;\">| Asociaci\u00f3n | Modelos | Influencer digital | Fot\u00f3grafos | Artista de maquillaje | Sal\u00f3n de belleza | Sal\u00f3n de fiestas | Fotograf\u00eda |\u00a0<a href=\"https:\/\/www.mamoruoguro.com\/es\/precos-book-pacotes-fotograficos\/\">Precios<\/a>\u00a0|<\/p>\n<p style=\"text-align: center;\">| Saquarema | Buzios | Cabo Frio | Niter\u00f3i | Maric\u00e1 | Araruama | Iguaba | S\u00e3o Gon\u00e7alo | Rio de Janeiro | S\u00e3o Pedro da Aldeia |<\/p>\n<\/div>\n<\/div>\n<\/div>\n<\/div>\n<\/div>\n<\/div>\n\n\t\t<\/div>\n\t<\/div>\n<\/div><\/div><\/div><\/div>","protected":false},"excerpt":{"rendered":"Colaboraci\u00f3n con modelos y fot\u00f3grafos A menudo digo que nadie es fuerte solo, por lo que siempre busco una colaboraci\u00f3n. Eres modelo o fot\u00f3grafo, no lo dudes, contacta conmigo. Ciertamente podemos formar una sociedad y trabajar juntos. Plantillas | Asociaci\u00f3n \u00bfTe consideras fotog\u00e9nico, act\u00faas o quieres ser modelo? \u00bfQuieres aumentar tu visibilidad y tu [...]","protected":false},"author":1,"featured_media":0,"parent":0,"menu_order":0,"comment_status":"closed","ping_status":"closed","template":"template-landing.php","meta":[],"_links":{"self":[{"href":"https:\/\/www.mamoruoguro.com\/es\/wp-json\/wp\/v2\/pages\/2019"}],"collection":[{"href":"https:\/\/www.mamoruoguro.com\/es\/wp-json\/wp\/v2\/pages"}],"about":[{"href":"https:\/\/www.mamoruoguro.com\/es\/wp-json\/wp\/v2\/types\/page"}],"author":[{"embeddable":true,"href":"https:\/\/www.mamoruoguro.com\/es\/wp-json\/wp\/v2\/users\/1"}],"replies":[{"embeddable":true,"href":"https:\/\/www.mamoruoguro.com\/es\/wp-json\/wp\/v2\/comments?post=2019"}],"version-history":[{"count":4,"href":"https:\/\/www.mamoruoguro.com\/es\/wp-json\/wp\/v2\/pages\/2019\/revisions"}],"predecessor-version":[{"id":2477,"href":"https:\/\/www.mamoruoguro.com\/es\/wp-json\/wp\/v2\/pages\/2019\/revisions\/2477"}],"wp:attachment":[{"href":"https:\/\/www.mamoruoguro.com\/es\/wp-json\/wp\/v2\/media?parent=2019"}],"curies":[{"name":"wp","href":"https:\/\/api.w.org\/{rel}","templated":true}]}}