{"id":1769,"date":"2021-05-06T20:32:14","date_gmt":"2021-05-06T23:32:14","guid":{"rendered":"https:\/\/www.mamoruoguro.com\/sitenew\/?page_id=1769"},"modified":"2023-02-16T21:04:20","modified_gmt":"2023-02-17T00:04:20","slug":"fotoblog","status":"publish","type":"page","link":"https:\/\/www.mamoruoguro.com\/es\/fotoblog\/","title":{"rendered":"FotoBlog"},"content":{"rendered":"<div data-vc-full-width=\"true\" data-vc-full-width-init=\"false\" data-vc-stretch-content=\"true\" class=\"vc_row wpb_row vc_row-fluid vc_row-609168d0b1083 vc_column-gap-2\"><div class=\"wpb_column vc_column_container vc_col-sm-12 vc_row-69f45fdf90a6e\"><div class=\"vc_column-inner\"><div class=\"wpb_wrapper\"><h3 style=\"color: #f7a92c;text-align: center\" class=\"vc_custom_heading\" >FotoBlog<\/h3>\n\t<div class=\"wpb_text_column wpb_content_element\" >\n\t\t<div class=\"wpb_wrapper\">\n\t\t\t<p style=\"text-align: center;\">Consulte este Blog de fotograf\u00eda para ver art\u00edculos sobre diversos temas relacionados con la fotograf\u00eda.<\/p>\n<p style=\"text-align: center;\">Asumo que el conocimiento debe compartirse. Por ello, aqu\u00ed en Foto Blog comparto conocimientos (superficiales y en profundidad) relacionados con la fotograf\u00eda con aquellos que solo fotograf\u00edan como hobby y desean mejorar sus fotos y con otros que desean trabajar en el mercado profesional, pero no lo hacen. dominar el tema.<\/p>\n<p style=\"text-align: center;\">\u00a1Bienvenido y espero que disfrutes de los art\u00edculos! Ir :) Blog de fotos<\/p>\n\n\t\t<\/div>\n\t<\/div>\n<div class=\"blog-block\"><div class=\"blog-items load-wrap row blog-type-grid blog-59bfa5cd550aa\"><article class=\"blog-item  category-artigo with-image col-12 col-sm-4 col-md-3\"><div class=\"wrap\"><div class=\"img\" data-original=\"https:\/\/www.mamoruoguro.com\/wp-content\/uploads\/2023\/01\/treino-sampaio-110622-1024x751.jpg\"><a href=\"https:\/\/www.mamoruoguro.com\/es\/tecnicas-fotografia-em-preto-e-branco-como-capturar-e-editar-imagens-em-preto-e-branco-para-criar-imagens-classicas-e-intemporais\/\" style=\"background-image: url(https:\/\/www.mamoruoguro.com\/wp-content\/uploads\/2023\/01\/treino-sampaio-110622-70x51.jpg);\"><\/a><\/div><div class=\"content\"><h5><a href=\"https:\/\/www.mamoruoguro.com\/es\/tecnicas-fotografia-em-preto-e-branco-como-capturar-e-editar-imagens-em-preto-e-branco-para-criar-imagens-classicas-e-intemporais\/\">T\u00e9cnicas de fotograf\u00eda en blanco y negro: c\u00f3mo capturar y editar im\u00e1genes en blanco y negro para crear im\u00e1genes cl\u00e1sicas y atemporales<\/a><\/h5><a href=\"https:\/\/www.mamoruoguro.com\/es\/tecnicas-fotografia-em-preto-e-branco-como-capturar-e-editar-imagens-em-preto-e-branco-para-criar-imagens-classicas-e-intemporais\/\" class=\"button-style2\">Haga clic aqu\u00ed para leer el art\u00edculo sobre fotograf\u00eda.<\/a><\/div><\/div><\/article><article class=\"blog-item  category-artigo with-image col-12 col-sm-4 col-md-3\"><div class=\"wrap\"><div class=\"img\" data-original=\"https:\/\/www.mamoruoguro.com\/wp-content\/uploads\/2023\/02\/photo_2023-02-17_08-54-51.jpg\"><a href=\"https:\/\/www.mamoruoguro.com\/es\/fotografia-experimental\/\" style=\"background-image: url(https:\/\/www.mamoruoguro.com\/wp-content\/uploads\/2023\/02\/photo_2023-02-17_08-54-51-70x70.jpg);\"><\/a><\/div><div class=\"content\"><h5><a href=\"https:\/\/www.mamoruoguro.com\/es\/fotografia-experimental\/\">Fotograf\u00eda experimental: t\u00e9cnicas y m\u00e9todos para crear im\u00e1genes creativas y no convencionales, como estenopeica, fotograf\u00eda infrarroja y muchas otras<\/a><\/h5><a href=\"https:\/\/www.mamoruoguro.com\/es\/fotografia-experimental\/\" class=\"button-style2\">Haga clic aqu\u00ed para leer el art\u00edculo sobre fotograf\u00eda.<\/a><\/div><\/div><\/article><article class=\"blog-item  category-artigo with-image col-12 col-sm-4 col-md-3\"><div class=\"wrap\"><div class=\"img\" data-original=\"https:\/\/www.mamoruoguro.com\/wp-content\/uploads\/2023\/02\/photo_2023-02-17_08-45-43.jpg\"><a href=\"https:\/\/www.mamoruoguro.com\/es\/direitos-autorais-e-propriedade-intelectual-leis-que-regem-o-uso-de-imagens-e-como-proteger-seus-direitos-como-fotografo\/\" style=\"background-image: url(https:\/\/www.mamoruoguro.com\/wp-content\/uploads\/2023\/02\/photo_2023-02-17_08-45-43-70x70.jpg);\"><\/a><\/div><div class=\"content\"><h5><a href=\"https:\/\/www.mamoruoguro.com\/es\/direitos-autorais-e-propriedade-intelectual-leis-que-regem-o-uso-de-imagens-e-como-proteger-seus-direitos-como-fotografo\/\">Derechos de autor y propiedad intelectual: leyes que rigen el uso de im\u00e1genes y c\u00f3mo proteger tus derechos como fot\u00f3grafo<\/a><\/h5><a href=\"https:\/\/www.mamoruoguro.com\/es\/direitos-autorais-e-propriedade-intelectual-leis-que-regem-o-uso-de-imagens-e-como-proteger-seus-direitos-como-fotografo\/\" class=\"button-style2\">Haga clic aqu\u00ed para leer el art\u00edculo sobre fotograf\u00eda.<\/a><\/div><\/div><\/article><article class=\"blog-item  category-artigo with-image col-12 col-sm-4 col-md-3\"><div class=\"wrap\"><div class=\"img\" data-original=\"https:\/\/www.mamoruoguro.com\/wp-content\/uploads\/2023\/02\/photo_2023-02-16_20-38-10.jpg\"><a href=\"https:\/\/www.mamoruoguro.com\/es\/marketing-e-negocios-de-fotografia-como-criar-um-portfolio-encontrar-clientes-e-vender-suas-imagens\/\" style=\"background-image: url(https:\/\/www.mamoruoguro.com\/wp-content\/uploads\/2023\/02\/photo_2023-02-16_20-38-10-70x70.jpg);\"><\/a><\/div><div class=\"content\"><h5><a href=\"https:\/\/www.mamoruoguro.com\/es\/marketing-e-negocios-de-fotografia-como-criar-um-portfolio-encontrar-clientes-e-vender-suas-imagens\/\">Negocios de marketing y fotograf\u00eda: c\u00f3mo crear una cartera, encontrar clientes y vender sus im\u00e1genes<\/a><\/h5><a href=\"https:\/\/www.mamoruoguro.com\/es\/marketing-e-negocios-de-fotografia-como-criar-um-portfolio-encontrar-clientes-e-vender-suas-imagens\/\" class=\"button-style2\">Haga clic aqu\u00ed para leer el art\u00edculo sobre fotograf\u00eda.<\/a><\/div><\/div><\/article><article class=\"blog-item  category-artigo with-image col-12 col-sm-4 col-md-3\"><div class=\"wrap\"><div class=\"img\" data-original=\"https:\/\/www.mamoruoguro.com\/wp-content\/uploads\/2023\/02\/photo_2023-02-16_20-38-14.jpg\"><a href=\"https:\/\/www.mamoruoguro.com\/es\/fotografia-digital-incluindo-formatos-de-arquivo-resolucao-de-imagem-gerenciamento-de-arquivos-e-armazenamento-de-dados\/\" style=\"background-image: url(https:\/\/www.mamoruoguro.com\/wp-content\/uploads\/2023\/02\/photo_2023-02-16_20-38-14-70x70.jpg);\"><\/a><\/div><div class=\"content\"><h5><a href=\"https:\/\/www.mamoruoguro.com\/es\/fotografia-digital-incluindo-formatos-de-arquivo-resolucao-de-imagem-gerenciamento-de-arquivos-e-armazenamento-de-dados\/\">Fotograf\u00eda digital: incluidos formatos de archivo, resoluci\u00f3n de imagen, gesti\u00f3n de archivos y almacenamiento de datos<\/a><\/h5><a href=\"https:\/\/www.mamoruoguro.com\/es\/fotografia-digital-incluindo-formatos-de-arquivo-resolucao-de-imagem-gerenciamento-de-arquivos-e-armazenamento-de-dados\/\" class=\"button-style2\">Haga clic aqu\u00ed para leer el art\u00edculo sobre fotograf\u00eda.<\/a><\/div><\/div><\/article><article class=\"blog-item  category-artigo category-dicas category-tecnica-fotografica with-image col-12 col-sm-4 col-md-3\"><div class=\"wrap\"><div class=\"img\" data-original=\"https:\/\/www.mamoruoguro.com\/wp-content\/uploads\/2023\/02\/Fotografia-movel.jpg\"><a href=\"https:\/\/www.mamoruoguro.com\/es\/fotografia-movel-tecnicas-e-dicas-para-tirar-fotos-de-qualidade-com-smartphones\/\" style=\"background-image: url(https:\/\/www.mamoruoguro.com\/wp-content\/uploads\/2023\/02\/Fotografia-movel-70x70.jpg);\"><\/a><\/div><div class=\"content\"><h5><a href=\"https:\/\/www.mamoruoguro.com\/es\/fotografia-movel-tecnicas-e-dicas-para-tirar-fotos-de-qualidade-com-smartphones\/\">Fotograf\u00eda m\u00f3vil: t\u00e9cnicas y consejos para hacer fotos de calidad con smartphones<\/a><\/h5><a href=\"https:\/\/www.mamoruoguro.com\/es\/fotografia-movel-tecnicas-e-dicas-para-tirar-fotos-de-qualidade-com-smartphones\/\" class=\"button-style2\">Haga clic aqu\u00ed para leer el art\u00edculo sobre fotograf\u00eda.<\/a><\/div><\/div><\/article><article class=\"blog-item  category-artigo with-image col-12 col-sm-4 col-md-3\"><div class=\"wrap\"><div class=\"img\" data-original=\"https:\/\/www.mamoruoguro.com\/wp-content\/uploads\/2023\/02\/edicao-de-imagens.jpg\"><a href=\"https:\/\/www.mamoruoguro.com\/es\/edicao-de-imagens\/\" style=\"background-image: url(https:\/\/www.mamoruoguro.com\/wp-content\/uploads\/2023\/02\/edicao-de-imagens-70x70.jpg);\"><\/a><\/div><div class=\"content\"><h5><a href=\"https:\/\/www.mamoruoguro.com\/es\/edicao-de-imagens\/\">Edici\u00f3n de imagen<\/a><\/h5><a href=\"https:\/\/www.mamoruoguro.com\/es\/edicao-de-imagens\/\" class=\"button-style2\">Haga clic aqu\u00ed para leer el art\u00edculo sobre fotograf\u00eda.<\/a><\/div><\/div><\/article><article class=\"blog-item  category-artigo with-image col-12 col-sm-4 col-md-3\"><div class=\"wrap\"><div class=\"img\" data-original=\"https:\/\/www.mamoruoguro.com\/wp-content\/uploads\/2023\/02\/P78372_10-1024x522.jpg\"><a href=\"https:\/\/www.mamoruoguro.com\/es\/8-fotografias-mais-caras\/\" style=\"background-image: url(https:\/\/www.mamoruoguro.com\/wp-content\/uploads\/2023\/02\/P78372_10-70x36.jpg);\"><\/a><\/div><div class=\"content\"><h5><a href=\"https:\/\/www.mamoruoguro.com\/es\/8-fotografias-mais-caras\/\">8 fotograf\u00edas m\u00e1s caras<\/a><\/h5><a href=\"https:\/\/www.mamoruoguro.com\/es\/8-fotografias-mais-caras\/\" class=\"button-style2\">Haga clic aqu\u00ed para leer el art\u00edculo sobre fotograf\u00eda.<\/a><\/div><\/div><\/article><article class=\"blog-item  category-artigo with-image col-12 col-sm-4 col-md-3\"><div class=\"wrap\"><div class=\"img\" data-original=\"https:\/\/www.mamoruoguro.com\/wp-content\/uploads\/2023\/02\/pentax-camera-reflex-k-70-18-135-wr.jpg\"><a href=\"https:\/\/www.mamoruoguro.com\/es\/10-cameras-dslr-de-entrada-2023\/\" style=\"background-image: url(https:\/\/www.mamoruoguro.com\/wp-content\/uploads\/2023\/02\/pentax-camera-reflex-k-70-18-135-wr-70x70.jpg);\"><\/a><\/div><div class=\"content\"><h5><a href=\"https:\/\/www.mamoruoguro.com\/es\/10-cameras-dslr-de-entrada-2023\/\">10 c\u00e1maras DSLR de nivel de entrada (2023)<\/a><\/h5><a href=\"https:\/\/www.mamoruoguro.com\/es\/10-cameras-dslr-de-entrada-2023\/\" class=\"button-style2\">Haga clic aqu\u00ed para leer el art\u00edculo sobre fotograf\u00eda.<\/a><\/div><\/div><\/article><article class=\"blog-item  category-artigo with-image col-12 col-sm-4 col-md-3\"><div class=\"wrap\"><div class=\"img\" data-original=\"https:\/\/www.mamoruoguro.com\/wp-content\/uploads\/2023\/02\/foto-1024x683-1.jpg\"><a href=\"https:\/\/www.mamoruoguro.com\/es\/40-fotografias-premiadas-com-pulitzer\/\" style=\"background-image: url(https:\/\/www.mamoruoguro.com\/wp-content\/uploads\/2023\/02\/foto-1024x683-1-70x47.jpg);\"><\/a><\/div><div class=\"content\"><h5><a href=\"https:\/\/www.mamoruoguro.com\/es\/40-fotografias-premiadas-com-pulitzer\/\">40 fotograf\u00edas ganadoras del Premio Pulitzer<\/a><\/h5><a href=\"https:\/\/www.mamoruoguro.com\/es\/40-fotografias-premiadas-com-pulitzer\/\" class=\"button-style2\">Haga clic aqu\u00ed para leer el art\u00edculo sobre fotograf\u00eda.<\/a><\/div><\/div><\/article><article class=\"blog-item  category-artigo with-image col-12 col-sm-4 col-md-3\"><div class=\"wrap\"><div class=\"img\" data-original=\"https:\/\/www.mamoruoguro.com\/wp-content\/uploads\/2023\/02\/712ZiNjSXGL.jpg\"><a href=\"https:\/\/www.mamoruoguro.com\/es\/20-livros-sobre-fotografia\/\" style=\"background-image: url(https:\/\/www.mamoruoguro.com\/wp-content\/uploads\/2023\/02\/712ZiNjSXGL-70x70.jpg);\"><\/a><\/div><div class=\"content\"><h5><a href=\"https:\/\/www.mamoruoguro.com\/es\/20-livros-sobre-fotografia\/\">20 libros de fotograf\u00eda<\/a><\/h5><a href=\"https:\/\/www.mamoruoguro.com\/es\/20-livros-sobre-fotografia\/\" class=\"button-style2\">Haga clic aqu\u00ed para leer el art\u00edculo sobre fotograf\u00eda.<\/a><\/div><\/div><\/article><article class=\"blog-item  category-artigo with-image col-12 col-sm-4 col-md-3\"><div class=\"wrap\"><div class=\"img\" data-original=\"https:\/\/www.mamoruoguro.com\/wp-content\/uploads\/2023\/02\/08e28fb3-minamata.jpeg\"><a href=\"https:\/\/www.mamoruoguro.com\/es\/20-filmes-sobre-fotografia\/\" style=\"background-image: url(https:\/\/www.mamoruoguro.com\/wp-content\/uploads\/2023\/02\/08e28fb3-minamata-70x39.jpeg);\"><\/a><\/div><div class=\"content\"><h5><a href=\"https:\/\/www.mamoruoguro.com\/es\/20-filmes-sobre-fotografia\/\">20 pel\u00edculas sobre fotograf\u00eda<\/a><\/h5><a href=\"https:\/\/www.mamoruoguro.com\/es\/20-filmes-sobre-fotografia\/\" class=\"button-style2\">Haga clic aqu\u00ed para leer el art\u00edculo sobre fotograf\u00eda.<\/a><\/div><\/div><\/article><\/div><div class=\"pagination\"><ul class='page-numbers'>\n\t<li><span aria-current=\"page\" class=\"page-numbers current\">1<\/span><\/li>\n\t<li><a class=\"page-numbers\" href=\"https:\/\/www.mamoruoguro.com\/es\/wp-json\/wp\/v2\/pages\/1769\/page\/2\/\">2<\/a><\/li>\n\t<li><a class=\"page-numbers\" href=\"https:\/\/www.mamoruoguro.com\/es\/wp-json\/wp\/v2\/pages\/1769\/page\/3\/\">3<\/a><\/li>\n\t<li><a class=\"page-numbers\" href=\"https:\/\/www.mamoruoguro.com\/es\/wp-json\/wp\/v2\/pages\/1769\/page\/4\/\">4<\/a><\/li>\n\t<li><a class=\"page-numbers\" href=\"https:\/\/www.mamoruoguro.com\/es\/wp-json\/wp\/v2\/pages\/1769\/page\/5\/\">5<\/a><\/li>\n\t<li><a class=\"next page-numbers\" href=\"https:\/\/www.mamoruoguro.com\/es\/wp-json\/wp\/v2\/pages\/1769\/page\/2\/\"><i class=\"base-icon-next-1\"><\/i><\/a><\/li>\n<\/ul>\n<\/div><\/div><\/div><\/div><\/div><\/div><div class=\"vc_row-full-width vc_clearfix\"><\/div>","protected":false},"excerpt":{"rendered":"Consulta la lista de 20 pel\u00edculas sobre fotograf\u00eda &quot;The Vulture&quot; Es una pel\u00edcula de suspenso dirigida por Dan Gilroy y protagonizada por Jake Gyllenhaal. La pel\u00edcula sigue al personaje principal, un periodista de investigaci\u00f3n que descubre una conspiraci\u00f3n que involucra a las compa\u00f1\u00edas farmac\u00e9uticas y al sistema de salud. A medida que profundiza en la investigaci\u00f3n, se convierte en [...]","protected":false},"author":1,"featured_media":0,"parent":0,"menu_order":0,"comment_status":"closed","ping_status":"closed","template":"template-landing.php","meta":[],"_links":{"self":[{"href":"https:\/\/www.mamoruoguro.com\/es\/wp-json\/wp\/v2\/pages\/1769"}],"collection":[{"href":"https:\/\/www.mamoruoguro.com\/es\/wp-json\/wp\/v2\/pages"}],"about":[{"href":"https:\/\/www.mamoruoguro.com\/es\/wp-json\/wp\/v2\/types\/page"}],"author":[{"embeddable":true,"href":"https:\/\/www.mamoruoguro.com\/es\/wp-json\/wp\/v2\/users\/1"}],"replies":[{"embeddable":true,"href":"https:\/\/www.mamoruoguro.com\/es\/wp-json\/wp\/v2\/comments?post=1769"}],"version-history":[{"count":7,"href":"https:\/\/www.mamoruoguro.com\/es\/wp-json\/wp\/v2\/pages\/1769\/revisions"}],"predecessor-version":[{"id":3127,"href":"https:\/\/www.mamoruoguro.com\/es\/wp-json\/wp\/v2\/pages\/1769\/revisions\/3127"}],"wp:attachment":[{"href":"https:\/\/www.mamoruoguro.com\/es\/wp-json\/wp\/v2\/media?parent=1769"}],"curies":[{"name":"wp","href":"https:\/\/api.w.org\/{rel}","templated":true}]}}