{"id":1633,"date":"2021-05-06T16:43:17","date_gmt":"2021-05-06T19:43:17","guid":{"rendered":"https:\/\/www.mamoruoguro.com\/sitenew\/?page_id=1633"},"modified":"2021-06-01T15:20:09","modified_gmt":"2021-06-01T18:20:09","slug":"antes-depois-tratamento-fotos","status":"publish","type":"page","link":"https:\/\/www.mamoruoguro.com\/es\/antes-depois-tratamento-fotos\/","title":{"rendered":"Antes y Despu\u00e9s | Postproducci\u00f3n | Fototratamiento"},"content":{"rendered":"<div class=\"vc_row wpb_row vc_row-fluid vc_custom_1527860918812 vc_row-69f5c1dfafa77\"><div class=\"wpb_column vc_column_container vc_col-sm-12 vc_row-69f5c1dfafee3\"><div class=\"vc_column-inner\"><div class=\"wpb_wrapper\">\n\t<div class=\"wpb_text_column wpb_content_element\" >\n\t\t<div class=\"wpb_wrapper\">\n\t\t\t<h3 style=\"text-align: center;\"><span style=\"color: #f7a92c;\">Antes y despu\u00e9s<\/span> del tratamiento<\/h3>\n<p style=\"text-align: center;\">Para ver el antes y el despu\u00e9s, arrastre la l\u00ednea vertical<\/p>\n\n\t\t<\/div>\n\t<\/div>\n<div class=\"vc_separator wpb_content_element vc_separator_align_center vc_sep_width_100 vc_sep_pos_align_center vc_separator_no_text vc_sep_color_orange\" ><span class=\"vc_sep_holder vc_sep_holder_l\"><span  class=\"vc_sep_line\"><\/span><\/span><span class=\"vc_sep_holder vc_sep_holder_r\"><span  class=\"vc_sep_line\"><\/span><\/span>\n<\/div><div class=\"vc_separator wpb_content_element vc_separator_align_center vc_sep_width_100 vc_sep_pos_align_center vc_separator_no_text vc_sep_color_orange\" ><span class=\"vc_sep_holder vc_sep_holder_l\"><span  class=\"vc_sep_line\"><\/span><\/span><span class=\"vc_sep_holder vc_sep_holder_r\"><span  class=\"vc_sep_line\"><\/span><\/span>\n<\/div><div class=\"image-comparison-slider\" style=\"\"><div class=\"new\"><img width=\"1024\" height=\"683\" src=\"https:\/\/www.mamoruoguro.com\/wp-content\/uploads\/2021\/05\/tchaia-1-1024x683.jpg\" class=\"attachment-large size-large\" alt=\"antes-depois-tratamento-fotos\" loading=\"lazy\" \/><\/div><div class=\"resize\"><div class=\"old\"><img width=\"1024\" height=\"683\" src=\"https:\/\/www.mamoruoguro.com\/wp-content\/uploads\/2021\/05\/tchaia-1024x683.jpg\" class=\"attachment-large size-large\" alt=\"Antes e depois\" loading=\"lazy\" \/><\/div><\/div><div class=\"line\"><\/div><\/div>\n\t<div class=\"wpb_text_column wpb_content_element\" >\n\t\t<div class=\"wpb_wrapper\">\n\t\t\t<p style=\"text-align: center;\">Peque\u00f1o ajuste general en color, contraste, reflejos, nitidez y peque\u00f1os retoques en la piel y los labios.<\/p>\n\n\t\t<\/div>\n\t<\/div>\n<div class=\"vc_separator wpb_content_element vc_separator_align_center vc_sep_width_100 vc_sep_pos_align_center vc_separator_no_text vc_sep_color_orange\" ><span class=\"vc_sep_holder vc_sep_holder_l\"><span  class=\"vc_sep_line\"><\/span><\/span><span class=\"vc_sep_holder vc_sep_holder_r\"><span  class=\"vc_sep_line\"><\/span><\/span>\n<\/div><div class=\"vc_separator wpb_content_element vc_separator_align_center vc_sep_width_100 vc_sep_pos_align_center vc_separator_no_text vc_sep_color_orange\" ><span class=\"vc_sep_holder vc_sep_holder_l\"><span  class=\"vc_sep_line\"><\/span><\/span><span class=\"vc_sep_holder vc_sep_holder_r\"><span  class=\"vc_sep_line\"><\/span><\/span>\n<\/div><div class=\"image-comparison-slider\" style=\"\"><div class=\"new\"><img width=\"1024\" height=\"683\" src=\"https:\/\/www.mamoruoguro.com\/wp-content\/uploads\/2021\/05\/trilha-9182-edit-1024x683.jpg\" class=\"attachment-large size-large\" alt=\"Antes e depois\" loading=\"lazy\" \/><\/div><div class=\"resize\"><div class=\"old\"><img width=\"1024\" height=\"683\" src=\"https:\/\/www.mamoruoguro.com\/wp-content\/uploads\/2021\/05\/paisagem-trilha-9182-1024x683.jpg\" class=\"attachment-large size-large\" alt=\"Antes e depois\" loading=\"lazy\" \/><\/div><\/div><div class=\"line\"><\/div><\/div>\n\t<div class=\"wpb_text_column wpb_content_element\" >\n\t\t<div class=\"wpb_wrapper\">\n\t\t\t<p style=\"text-align: center;\">Cambio de color, contraste, temperatura, nitidez, realce. sombra y brillo.<\/p>\n\n\t\t<\/div>\n\t<\/div>\n<div class=\"vc_separator wpb_content_element vc_separator_align_center vc_sep_width_100 vc_sep_pos_align_center vc_separator_no_text vc_sep_color_orange\" ><span class=\"vc_sep_holder vc_sep_holder_l\"><span  class=\"vc_sep_line\"><\/span><\/span><span class=\"vc_sep_holder vc_sep_holder_r\"><span  class=\"vc_sep_line\"><\/span><\/span>\n<\/div><div class=\"vc_separator wpb_content_element vc_separator_align_center vc_sep_width_100 vc_sep_pos_align_center vc_separator_no_text vc_sep_color_orange\" ><span class=\"vc_sep_holder vc_sep_holder_l\"><span  class=\"vc_sep_line\"><\/span><\/span><span class=\"vc_sep_holder vc_sep_holder_r\"><span  class=\"vc_sep_line\"><\/span><\/span>\n<\/div><div class=\"image-comparison-slider\" style=\"\"><div class=\"new\"><img width=\"1024\" height=\"683\" src=\"https:\/\/www.mamoruoguro.com\/wp-content\/uploads\/2021\/05\/bruna-1024x683.jpg\" class=\"attachment-large size-large\" alt=\"Fotografia Saquarema\" loading=\"lazy\" \/><\/div><div class=\"resize\"><div class=\"old\"><img width=\"1024\" height=\"683\" src=\"https:\/\/www.mamoruoguro.com\/wp-content\/uploads\/2021\/05\/bruna-5777-1024x683.jpg\" class=\"attachment-large size-large\" alt=\"Antes e depois\" loading=\"lazy\" \/><\/div><\/div><div class=\"line\"><\/div><\/div>\n\t<div class=\"wpb_text_column wpb_content_element\" >\n\t\t<div class=\"wpb_wrapper\">\n\t\t\t<p style=\"text-align: center;\">Solo ajuste general de temperatura, color, nitidez, contraste y brillo.<\/p>\n\n\t\t<\/div>\n\t<\/div>\n<div class=\"vc_separator wpb_content_element vc_separator_align_center vc_sep_width_100 vc_sep_pos_align_center vc_separator_no_text vc_sep_color_orange\" ><span class=\"vc_sep_holder vc_sep_holder_l\"><span  class=\"vc_sep_line\"><\/span><\/span><span class=\"vc_sep_holder vc_sep_holder_r\"><span  class=\"vc_sep_line\"><\/span><\/span>\n<\/div><div class=\"vc_separator wpb_content_element vc_separator_align_center vc_sep_width_100 vc_sep_pos_align_center vc_separator_no_text vc_sep_color_orange\" ><span class=\"vc_sep_holder vc_sep_holder_l\"><span  class=\"vc_sep_line\"><\/span><\/span><span class=\"vc_sep_holder vc_sep_holder_r\"><span  class=\"vc_sep_line\"><\/span><\/span>\n<\/div><div class=\"image-comparison-slider\" style=\"\"><div class=\"new\"><img width=\"1024\" height=\"683\" src=\"https:\/\/www.mamoruoguro.com\/wp-content\/uploads\/2021\/05\/praiadavila-528444-1024x683.jpg\" class=\"attachment-large size-large\" alt=\"Fotografia Saquarema\" loading=\"lazy\" \/><\/div><div class=\"resize\"><div class=\"old\"><img width=\"1024\" height=\"683\" src=\"https:\/\/www.mamoruoguro.com\/wp-content\/uploads\/2021\/05\/praiadavila-1024x683.jpg\" class=\"attachment-large size-large\" alt=\"Antes e depois\" loading=\"lazy\" \/><\/div><\/div><div class=\"line\"><\/div><\/div>\n\t<div class=\"wpb_text_column wpb_content_element\" >\n\t\t<div class=\"wpb_wrapper\">\n\t\t\t<p style=\"text-align: center;\">Cambio de color, contraste, temperatura, nitidez, realce. sombra, brillo y manipulaci\u00f3n en photoshop<\/p>\n\n\t\t<\/div>\n\t<\/div>\n<div class=\"vc_separator wpb_content_element vc_separator_align_center vc_sep_width_100 vc_sep_pos_align_center vc_separator_no_text vc_sep_color_orange\" ><span class=\"vc_sep_holder vc_sep_holder_l\"><span  class=\"vc_sep_line\"><\/span><\/span><span class=\"vc_sep_holder vc_sep_holder_r\"><span  class=\"vc_sep_line\"><\/span><\/span>\n<\/div><div class=\"vc_separator wpb_content_element vc_separator_align_center vc_sep_width_100 vc_sep_pos_align_center vc_separator_no_text vc_sep_color_orange\" ><span class=\"vc_sep_holder vc_sep_holder_l\"><span  class=\"vc_sep_line\"><\/span><\/span><span class=\"vc_sep_holder vc_sep_holder_r\"><span  class=\"vc_sep_line\"><\/span><\/span>\n<\/div><div class=\"image-comparison-slider\" style=\"\"><div class=\"new\"><img width=\"1024\" height=\"683\" src=\"https:\/\/www.mamoruoguro.com\/wp-content\/uploads\/2021\/05\/casadosurf-1-1024x683.jpg\" class=\"attachment-large size-large\" alt=\"Casa do Surf Saquarema\" loading=\"lazy\" \/><\/div><div class=\"resize\"><div class=\"old\"><img width=\"1024\" height=\"683\" src=\"https:\/\/www.mamoruoguro.com\/wp-content\/uploads\/2021\/05\/casadosurf-1024x683.jpg\" class=\"attachment-large size-large\" alt=\"Antes e depois\" loading=\"lazy\" \/><\/div><\/div><div class=\"line\"><\/div><\/div>\n\t<div class=\"wpb_text_column wpb_content_element\" >\n\t\t<div class=\"wpb_wrapper\">\n\t\t\t<p style=\"text-align: center;\">Ajuste general en color, contraste, nitidez, resaltado y brillo. Retocar la piel y los labios<\/p>\n\n\t\t<\/div>\n\t<\/div>\n<div class=\"vc_separator wpb_content_element vc_separator_align_center vc_sep_width_100 vc_sep_pos_align_center vc_separator_no_text vc_sep_color_orange\" ><span class=\"vc_sep_holder vc_sep_holder_l\"><span  class=\"vc_sep_line\"><\/span><\/span><span class=\"vc_sep_holder vc_sep_holder_r\"><span  class=\"vc_sep_line\"><\/span><\/span>\n<\/div><div class=\"vc_separator wpb_content_element vc_separator_align_center vc_sep_width_100 vc_sep_pos_align_center vc_separator_no_text vc_sep_color_orange\" ><span class=\"vc_sep_holder vc_sep_holder_l\"><span  class=\"vc_sep_line\"><\/span><\/span><span class=\"vc_sep_holder vc_sep_holder_r\"><span  class=\"vc_sep_line\"><\/span><\/span>\n<\/div>\n\t<div class=\"wpb_text_column wpb_content_element\" >\n\t\t<div class=\"wpb_wrapper\">\n\t\t\t<p style=\"text-align: center;\"><span style=\"font-size: 12px;\"><a href=\"https:\/\/www.mamoruoguro.com\/es\/\">| casa<\/a> | <a href=\"https:\/\/www.grupowebster.com.br\/\">Pareja<\/a> | <a href=\"https:\/\/www.mamoruoguro.com\/es\/fotoblog\/\">FotoBlog<\/a> | <a href=\"https:\/\/www.mamoruoguro.com\/es\/galeriaonline\/\">Galer\u00eda en l\u00ednea<\/a> |\u00a0<\/span><\/p>\n\n\t\t<\/div>\n\t<\/div>\n<\/div><\/div><\/div><\/div><div class=\"vc_row wpb_row vc_row-fluid vc_row-69f5c1dfb8406\"><div class=\"wpb_column vc_column_container vc_col-sm-12 vc_row-69f5c1dfb85be\"><div class=\"vc_column-inner\"><div class=\"wpb_wrapper\"><\/div><\/div><\/div><\/div>","protected":false},"excerpt":{"rendered":"Antes y despu\u00e9s del tratamiento Para ver el antes y el despu\u00e9s, arrastre la l\u00ednea vertical Peque\u00f1o ajuste general en color, contraste, realce, nitidez y retoque menor de la piel y los labios Cambio de color, contraste, temperatura, nitidez, realce. sombra y resplandor. Solo ajuste general de temperatura, color, nitidez, contraste y realce. Cambio de color, contraste, temperatura, [...]","protected":false},"author":1,"featured_media":0,"parent":0,"menu_order":0,"comment_status":"closed","ping_status":"closed","template":"template-landing.php","meta":[],"_links":{"self":[{"href":"https:\/\/www.mamoruoguro.com\/es\/wp-json\/wp\/v2\/pages\/1633"}],"collection":[{"href":"https:\/\/www.mamoruoguro.com\/es\/wp-json\/wp\/v2\/pages"}],"about":[{"href":"https:\/\/www.mamoruoguro.com\/es\/wp-json\/wp\/v2\/types\/page"}],"author":[{"embeddable":true,"href":"https:\/\/www.mamoruoguro.com\/es\/wp-json\/wp\/v2\/users\/1"}],"replies":[{"embeddable":true,"href":"https:\/\/www.mamoruoguro.com\/es\/wp-json\/wp\/v2\/comments?post=1633"}],"version-history":[{"count":7,"href":"https:\/\/www.mamoruoguro.com\/es\/wp-json\/wp\/v2\/pages\/1633\/revisions"}],"predecessor-version":[{"id":2473,"href":"https:\/\/www.mamoruoguro.com\/es\/wp-json\/wp\/v2\/pages\/1633\/revisions\/2473"}],"wp:attachment":[{"href":"https:\/\/www.mamoruoguro.com\/es\/wp-json\/wp\/v2\/media?parent=1633"}],"curies":[{"name":"wp","href":"https:\/\/api.w.org\/{rel}","templated":true}]}}