{"id":1207,"date":"2018-10-02T07:18:08","date_gmt":"2018-10-02T10:18:08","guid":{"rendered":"https:\/\/www.mamoruoguro.com\/sitenew\/?page_id=1207"},"modified":"2023-08-17T10:03:27","modified_gmt":"2023-08-17T13:03:27","slug":"video","status":"publish","type":"page","link":"https:\/\/www.mamoruoguro.com\/es\/video\/","title":{"rendered":"videos"},"content":{"rendered":"<div class=\"vc_row wpb_row vc_row-fluid vc_row-6a045100bf87a\"><div class=\"wpb_column vc_column_container vc_col-sm-12 vc_row-6a045100bfc17\"><div class=\"vc_column-inner\"><div class=\"wpb_wrapper\">\n\t<div class=\"wpb_text_column wpb_content_element\" >\n\t\t<div class=\"wpb_wrapper\">\n\t\t\t\n\t\t<\/div>\n\t<\/div>\n<\/div><\/div><\/div><\/div><div class=\"vc_row wpb_row vc_row-fluid vc_row-6a045100c0077\"><div class=\"wpb_column vc_column_container vc_col-sm-12 vc_row-6a045100c01d2\"><div class=\"vc_column-inner\"><div class=\"wpb_wrapper\">\n\t<div class=\"wpb_text_column wpb_content_element\" >\n\t\t<div class=\"wpb_wrapper\">\n\t\t\t\n\t\t<\/div>\n\t<\/div>\n<\/div><\/div><\/div><\/div><div class=\"vc_row wpb_row vc_row-fluid vc_row-6a045100c04bf\"><div class=\"wpb_column vc_column_container vc_col-sm-12 vc_row-6a045100c05ed\"><div class=\"vc_column-inner\"><div class=\"wpb_wrapper\">\n\t<div class=\"wpb_text_column wpb_content_element\" >\n\t\t<div class=\"wpb_wrapper\">\n\t\t\t\n\t\t<\/div>\n\t<\/div>\n<\/div><\/div><\/div><\/div><div class=\"vc_row wpb_row vc_row-fluid vc_row-6a045100c08e9\"><div class=\"wpb_column vc_column_container vc_col-sm-12 vc_row-6a045100c0a30\"><div class=\"vc_column-inner\"><div class=\"wpb_wrapper\">\n\t<div class=\"wpb_text_column wpb_content_element\" >\n\t\t<div class=\"wpb_wrapper\">\n\t\t\t<h2 style=\"text-align: center;\">videos<\/h2>\n\n\t\t<\/div>\n\t<\/div>\n<\/div><\/div><\/div><\/div><div class=\"vc_row wpb_row vc_row-fluid vc_row-6a045100c0d8b\"><div class=\"wpb_column vc_column_container vc_col-sm-12 vc_row-6a045100c0eed\"><div class=\"vc_column-inner\"><div class=\"wpb_wrapper\"><div class=\"vc_separator wpb_content_element vc_separator_align_center vc_sep_width_100 vc_sep_pos_align_center vc_separator_no_text vc_sep_color_orange\" ><span class=\"vc_sep_holder vc_sep_holder_l\"><span  class=\"vc_sep_line\"><\/span><\/span><span class=\"vc_sep_holder vc_sep_holder_r\"><span  class=\"vc_sep_line\"><\/span><\/span>\n<\/div><\/div><\/div><\/div><\/div><div class=\"vc_row wpb_row vc_row-fluid vc_row-6a045100c1596\"><div class=\"wpb_column vc_column_container vc_col-sm-12 vc_row-6a045100c1708\"><div class=\"vc_column-inner\"><div class=\"wpb_wrapper\">      <div class=\"heading-block heading-64cd4e308080c tac h-h3\">\n                  <div class=\"sub-h\">V\u00eddeo de presentaci\u00f3n del atleta\/competidor de Muay Thai<\/div>\n                  <h3 class=\"h\">julia<\/h3>\n              <\/div>\n    <\/div><\/div><\/div><\/div><div class=\"vc_row wpb_row vc_row-fluid vc_row-6a045100c18da\"><div class=\"wpb_column vc_column_container vc_col-sm-12 vc_row-6a045100c1a2e\"><div class=\"vc_column-inner\"><div class=\"wpb_wrapper\"><div class=\"video-block video-block-6a045100c1a84 popup-gallery\"><div class=\"popup-item\" style=\"background-image: url(https:\/\/www.mamoruoguro.com\/wp-content\/uploads\/2021\/05\/1280x720.Still001.jpg);\"><div class=\"area\"><a href=\"#\" data-type=\"video\" data-size=\"960x640\" data-video='<div class=\"wrapper\"><div class=\"video-wrapper\"><iframe class=\"pswp__video\" width=\"1920\" height=\"1080\" src=\"https:\/\/youtube.com\/embed\/uGXgy9D0LMY?rel=0&#038;showinfo=0\" frameborder=\"0\" allowfullscreen><\/iframe><\/div><\/div>'><div><i class=\"music-and-multimedia-play-button\"><\/i><\/div><\/a><\/div><\/div><\/div><\/div><\/div><\/div><\/div><div class=\"vc_row wpb_row vc_row-fluid vc_row-6a045100c1feb\"><div class=\"wpb_column vc_column_container vc_col-sm-12 vc_row-6a045100c214a\"><div class=\"vc_column-inner\"><div class=\"wpb_wrapper\">      <div class=\"heading-block heading- tac h-h3\">\n                  <div class=\"sub-h\">V\u00eddeo de presentaci\u00f3n del atleta\/competidor de Muay Thai<\/div>\n                  <h3 class=\"h\">Hitalo<\/h3>\n              <\/div>\n    <\/div><\/div><\/div><\/div><div class=\"vc_row wpb_row vc_row-fluid vc_row-6a045100c22d5\"><div class=\"wpb_column vc_column_container vc_col-sm-12 vc_row-6a045100c23fe\"><div class=\"vc_column-inner\"><div class=\"wpb_wrapper\"><div class=\"video-block video-block-6a045100c2427 popup-gallery\"><div class=\"popup-item\" style=\"background-image: url(https:\/\/www.mamoruoguro.com\/wp-content\/uploads\/2021\/05\/1280x720.Still001.jpg);\"><div class=\"area\"><a href=\"#\" data-type=\"video\" data-size=\"960x640\" data-video='<div class=\"wrapper\"><div class=\"video-wrapper\"><iframe class=\"pswp__video\" width=\"1920\" height=\"1080\" src=\"https:\/\/youtube.com\/embed\/yssDvWvL-d4?rel=0&#038;showinfo=0\" frameborder=\"0\" allowfullscreen><\/iframe><\/div><\/div>'><div><i class=\"music-and-multimedia-play-button\"><\/i><\/div><\/a><\/div><\/div><\/div><\/div><\/div><\/div><\/div><div class=\"vc_row wpb_row vc_row-fluid vc_row-6a045100c25ed\"><div class=\"wpb_column vc_column_container vc_col-sm-12 vc_row-6a045100c272f\"><div class=\"vc_column-inner\"><div class=\"wpb_wrapper\">      <div class=\"heading-block heading- tac h-h3\">\n                  <div class=\"sub-h\">\u00a1Guarda tus mejores momentos! La vida est\u00e1 llena de momentos, sin embargo, algunos necesitan ser eternizados de una manera especial.<\/div>\n                  <h3 class=\"h\">Momentos<\/h3>\n              <\/div>\n    <\/div><\/div><\/div><\/div><div class=\"vc_row wpb_row vc_row-fluid vc_row-6a045100c28f3\"><div class=\"wpb_column vc_column_container vc_col-sm-12 vc_row-6a045100c2a0c\"><div class=\"vc_column-inner\"><div class=\"wpb_wrapper\"><div class=\"video-block video-block-6a045100c2a32 popup-gallery\"><div class=\"popup-item\" style=\"background-image: url(https:\/\/www.mamoruoguro.com\/wp-content\/uploads\/2021\/05\/1280x720.Still001.jpg);\"><div class=\"area\"><a href=\"#\" data-type=\"video\" data-size=\"960x640\" data-video='<div class=\"wrapper\"><div class=\"video-wrapper\"><iframe class=\"pswp__video\" width=\"1920\" height=\"1080\" src=\"https:\/\/youtube.com\/embed\/AA92-yV53Vg?rel=0&#038;showinfo=0\" frameborder=\"0\" allowfullscreen><\/iframe><\/div><\/div>'><div><i class=\"music-and-multimedia-play-button\"><\/i><\/div><\/a><\/div><\/div><\/div><\/div><\/div><\/div><\/div><div class=\"vc_row wpb_row vc_row-fluid vc_row-6a045100c2bc7\"><div class=\"wpb_column vc_column_container vc_col-sm-12 vc_row-6a045100c2cd9\"><div class=\"vc_column-inner\"><div class=\"wpb_wrapper\"><div class=\"vc_separator wpb_content_element vc_separator_align_center vc_sep_width_100 vc_sep_pos_align_center vc_separator_no_text vc_sep_color_orange\" ><span class=\"vc_sep_holder vc_sep_holder_l\"><span  class=\"vc_sep_line\"><\/span><\/span><span class=\"vc_sep_holder vc_sep_holder_r\"><span  class=\"vc_sep_line\"><\/span><\/span>\n<\/div><\/div><\/div><\/div><\/div><div class=\"vc_row wpb_row vc_row-fluid vc_row-6a045100c314b\"><div class=\"wpb_column vc_column_container vc_col-sm-12 vc_row-6a045100c3275\"><div class=\"vc_column-inner\"><div class=\"wpb_wrapper\">      <div class=\"heading-block heading-609ec08aeb8fe tac h-h3\">\n                  <div class=\"sub-h\">Extractos del entrenamiento del ni\u00f1o guerrero Malu en FMT Fight Center Saquarema<\/div>\n                  <h3 class=\"h\">Estilo de vida | videografia<\/h3>\n              <\/div>\n    <\/div><\/div><\/div><\/div><div class=\"vc_row wpb_row vc_row-fluid vc_row-6a045100c344f\"><div class=\"wpb_column vc_column_container vc_col-sm-12 vc_row-6a045100c357b\"><div class=\"vc_column-inner\"><div class=\"wpb_wrapper\"><div class=\"video-block video-block-6a045100c35a1 white popup-gallery\"><div class=\"popup-item\" style=\"background-image: url(https:\/\/www.mamoruoguro.com\/wp-content\/uploads\/2021\/05\/1280x720.Still001.jpg);\"><div class=\"area\"><a href=\"#\" data-type=\"video\" data-size=\"960x640\" data-video='<div class=\"wrapper\"><div class=\"video-wrapper\"><iframe class=\"pswp__video\" width=\"1920\" height=\"1080\" src=\"https:\/\/youtube.com\/embed\/bZNYJGJpq_U?rel=0&#038;showinfo=0\" frameborder=\"0\" allowfullscreen><\/iframe><\/div><\/div>'><div><i class=\"music-and-multimedia-play-button\"><\/i><\/div><\/a><\/div><\/div><\/div><\/div><\/div><\/div><\/div>","protected":false},"excerpt":{"rendered":"V\u00eddeos V\u00eddeo de presentaci\u00f3n del atleta\/competidor de muay thai Jully V\u00eddeo de presentaci\u00f3n del atleta\/competidor de muay thai Hitalo \u00a1Guarda tus mejores momentos! La vida est\u00e1 llena de momentos, sin embargo, algunos necesitan ser inmortalizados de manera especial. Momentos Extractos del entrenamiento de la ni\u00f1a guerrera Malu del FMT Fight Center Saquarema Life Style | Videograf\u00eda","protected":false},"author":1,"featured_media":0,"parent":0,"menu_order":0,"comment_status":"closed","ping_status":"closed","template":"template-landing.php","meta":[],"_links":{"self":[{"href":"https:\/\/www.mamoruoguro.com\/es\/wp-json\/wp\/v2\/pages\/1207"}],"collection":[{"href":"https:\/\/www.mamoruoguro.com\/es\/wp-json\/wp\/v2\/pages"}],"about":[{"href":"https:\/\/www.mamoruoguro.com\/es\/wp-json\/wp\/v2\/types\/page"}],"author":[{"embeddable":true,"href":"https:\/\/www.mamoruoguro.com\/es\/wp-json\/wp\/v2\/users\/1"}],"replies":[{"embeddable":true,"href":"https:\/\/www.mamoruoguro.com\/es\/wp-json\/wp\/v2\/comments?post=1207"}],"version-history":[{"count":16,"href":"https:\/\/www.mamoruoguro.com\/es\/wp-json\/wp\/v2\/pages\/1207\/revisions"}],"predecessor-version":[{"id":3162,"href":"https:\/\/www.mamoruoguro.com\/es\/wp-json\/wp\/v2\/pages\/1207\/revisions\/3162"}],"wp:attachment":[{"href":"https:\/\/www.mamoruoguro.com\/es\/wp-json\/wp\/v2\/media?parent=1207"}],"curies":[{"name":"wp","href":"https:\/\/api.w.org\/{rel}","templated":true}]}}