{"id":2263,"date":"2021-05-19T10:16:28","date_gmt":"2021-05-19T13:16:28","guid":{"rendered":"https:\/\/www.mamoruoguro.com\/?page_id=2263"},"modified":"2021-05-19T10:16:28","modified_gmt":"2021-05-19T13:16:28","slug":"promocao-fotografica-dia-das-criancas-saquarema","status":"publish","type":"page","link":"https:\/\/www.mamoruoguro.com\/en\/promocao-fotografica-dia-das-criancas-saquarema\/","title":{"rendered":"Photographic Promotion | Children&#39;s Day | Saquarema"},"content":{"rendered":"<div class=\"vc_row wpb_row vc_row-fluid vc_row-69dbc1df667e2\"><div class=\"wpb_column vc_column_container vc_col-sm-12 vc_row-69dbc1df66bdc\"><div class=\"vc_column-inner\"><div class=\"wpb_wrapper\">      <div class=\"heading-block heading-60a50f79eb55b tac h-h3\">\n                  <h3 class=\"h\">Photographic Promotion | Children&#39;s Day | Saquarema &amp; Araruama<\/h3>\n              <\/div>\n    <\/div><\/div><\/div><\/div><div class=\"vc_row wpb_row vc_row-fluid vc_row-69dbc1df66dec\"><div class=\"wpb_column vc_column_container vc_col-sm-12 vc_row-69dbc1df66fce\"><div class=\"vc_column-inner\"><div class=\"wpb_wrapper\"><div class=\"price-list-type2 row price-list-type2-69dbc1df67038\"><div class=\"item price-list-type2-item-69dbc1df670c4 col-12 col-sm-12 col-md-12 col-lg-12\">\n        <h6 class=\"h\">Only R$ 380.00 - Includes Photo Album with Hard Cover<\/h6>\n        \n        <div class=\"img\" style=\"background-image: url(https:\/\/www.mamoruoguro.com\/wp-content\/uploads\/2021\/05\/reggae_saquarema-7967-blackwhite.jpg)\"><\/div>\n        <div class=\"options\">\n            <div class=\"heading-decor\"><h5>Eternize the best moments of your child&#39;s life in a special way.<\/h5><\/div>\n            <div class=\"o-row\">Location: To combine<br \/><\/div><div class=\"o-row\">Duration: To be agreed<br \/><\/div><div class=\"o-row\">Number of photos to be delivered: 20<br \/><\/div><div class=\"o-row\">Delivery in digital format via link: Yes<br \/><\/div><div class=\"o-row\">Deadline for delivery of treated digital photos (post production): Minimum 72 hours<br \/><\/div><div class=\"o-row\">Includes printed photo album: Yes<br \/><\/div><div class=\"o-row\">Hardcover album: Yes<br \/><\/div><div class=\"o-row\">* Credit card installments accepted.<br \/><\/div><div class=\"o-row\">** Ad image is illustrative.<\/div>\n        <\/div>\n        <a href=\"https:\/\/api.whatsapp.com\/send\/?phone=5522997346188&#038;text=Ol%C3%A1%2C+eu+quero+agendar+minhas+fotos+da%20promo\u00e7\u00e3o+dia+das+crian\u00e7as.&#038;app_absent=0\" class=\"button-style1\">I WANT THE CHILDREN&#39;S DAY PROMOTION<\/a>\n    <\/div><\/div><\/div><\/div><\/div><\/div>","protected":false},"excerpt":{"rendered":"Photographic Promotion | Children&#39;s Day | Saquarema &amp; Araruama Only R$ 380.00 - Includes Photo Album with Hard Cover Eternize the best moments of your child&#39;s life in a special way. Location: By arrangementDuration: By arrangementNumber of photos to be delivered: 20Delivery in digital format via link: YesDeadline for delivery of photos [...]","protected":false},"author":1,"featured_media":0,"parent":0,"menu_order":0,"comment_status":"closed","ping_status":"closed","template":"template-landing.php","meta":[],"_links":{"self":[{"href":"https:\/\/www.mamoruoguro.com\/en\/wp-json\/wp\/v2\/pages\/2263"}],"collection":[{"href":"https:\/\/www.mamoruoguro.com\/en\/wp-json\/wp\/v2\/pages"}],"about":[{"href":"https:\/\/www.mamoruoguro.com\/en\/wp-json\/wp\/v2\/types\/page"}],"author":[{"embeddable":true,"href":"https:\/\/www.mamoruoguro.com\/en\/wp-json\/wp\/v2\/users\/1"}],"replies":[{"embeddable":true,"href":"https:\/\/www.mamoruoguro.com\/en\/wp-json\/wp\/v2\/comments?post=2263"}],"version-history":[{"count":1,"href":"https:\/\/www.mamoruoguro.com\/en\/wp-json\/wp\/v2\/pages\/2263\/revisions"}],"predecessor-version":[{"id":2266,"href":"https:\/\/www.mamoruoguro.com\/en\/wp-json\/wp\/v2\/pages\/2263\/revisions\/2266"}],"wp:attachment":[{"href":"https:\/\/www.mamoruoguro.com\/en\/wp-json\/wp\/v2\/media?parent=2263"}],"curies":[{"name":"wp","href":"https:\/\/api.w.org\/{rel}","templated":true}]}}