{"id":2026,"date":"2021-05-08T12:56:38","date_gmt":"2021-05-08T15:56:38","guid":{"rendered":"https:\/\/www.mamoruoguro.com\/sitenew\/?page_id=2026"},"modified":"2021-05-10T13:12:52","modified_gmt":"2021-05-10T16:12:52","slug":"precos-book-pacotes-fotograficos","status":"publish","type":"page","link":"https:\/\/www.mamoruoguro.com\/en\/precos-book-pacotes-fotograficos\/","title":{"rendered":"Prices | Book | Photographic Packages | Specials"},"content":{"rendered":"<div class=\"vc_row wpb_row vc_row-fluid vc_row-69e34a55781d4\"><div class=\"wpb_column vc_column_container vc_col-sm-12 vc_row-69e34a55786a7\"><div class=\"vc_column-inner\"><div class=\"wpb_wrapper\">\n\t<div class=\"wpb_text_column wpb_content_element\" >\n\t\t<div class=\"wpb_wrapper\">\n\t\t\t<p style=\"text-align: center;\">Want to know photoshoot prices to make a book (printed album)?<\/p>\n<p style=\"text-align: center;\">Want to know prices to hire a photographer for your event?<\/p>\n<p style=\"text-align: center;\">Need professional photos?<\/p>\n<p style=\"text-align: center;\">Anyway, whatever your photographic need, you have found the site that will help you.<\/p>\n<p style=\"text-align: center;\">The fields of action in photography are very broad, so it is impossible to work with everyone with excellence. However, although I do not work in all fields, I can certainly recommend the best photographer in the respective area that I do not work.<\/p>\n<p style=\"text-align: center;\">Choose the type of photo you want and feel free to consult.<\/p>\n\n\t\t<\/div>\n\t<\/div>\n<\/div><\/div><\/div><\/div><div class=\"vc_row wpb_row vc_row-fluid vc_row-69e34a5578ae7\"><div class=\"wpb_column vc_column_container vc_col-sm-12 vc_row-69e34a5578c52\"><div class=\"vc_column-inner\"><div class=\"wpb_wrapper\">      <div class=\"heading-block heading- tac h-h4\">\n                  <h4 class=\"h\">Portraits - Photographic Book<\/h4>\n              <\/div>\n    <\/div><\/div><\/div><\/div><div class=\"vc_row wpb_row vc_row-fluid vc_row-69e34a5578de3\"><div class=\"wpb_column vc_column_container vc_col-sm-12 vc_row-69e34a5578f93\"><div class=\"vc_column-inner\"><div class=\"wpb_wrapper\"><div class=\"price-list-type2 row price-list-type2-69e34a5579144\"><div class=\"item price-list-type2-item-69e34a5579284\">\n        <h6 class=\"h\">Book Digital<\/h6>\n        \n        <div class=\"img\" style=\"background-image: url(https:\/\/www.mamoruoguro.com\/wp-content\/uploads\/2021\/05\/tchaia-3.jpg)\"><\/div>\n        <div class=\"options\">\n            <div class=\"heading-decor\"><h5>Details<\/h5><\/div>\n            <div class=\"o-row\">Location: To combine<br \/><\/div><div class=\"o-row\">Duration: To be agreed<br \/><\/div><div class=\"o-row\">Number of photos to be delivered: To be agreed<br \/><\/div><div class=\"o-row\">Delivery in digital format via link: Yes<br \/><\/div><div class=\"o-row\">Deadline for delivery of treated digital photos (post production): Minimum 72 hours<br \/><\/div><div class=\"o-row\">Includes printed photo album: No<br \/><\/div><div class=\"o-row\">Includes makeup? No<br \/><\/div><div class=\"o-row\">Does it include a beauty salon? No<br \/><\/div><div class=\"o-row\">* Credit card installments accepted.<br \/><\/div><div class=\"o-row\">** Ad image is illustrative.<\/div>\n        <\/div>\n        <a href=\"https:\/\/api.whatsapp.com\/send\/?phone=5522997346188&#038;text=Ol%C3%A1%2C+visualizei+o+seu+site+e+gostaria+de+informa%C3%A7%C3%B5es+sobre+o+pre\u00e7o+do+Book+Digital.&#038;app_absent=0\" class=\"button-style1\">Consult Price<\/a>\n    <\/div><div class=\"item price-list-type2-item-69e34a557d02d\">\n        <h6 class=\"h\">Book + Sold<\/h6>\n        \n        <div class=\"img\" style=\"background-image: url(https:\/\/www.mamoruoguro.com\/wp-content\/uploads\/2021\/05\/book.jpg)\"><\/div>\n        <div class=\"options\">\n            <div class=\"heading-decor\"><h5>Details<\/h5><\/div>\n            <div class=\"o-row\">Location: To combine<br \/><\/div><div class=\"o-row\">Duration: To be agreed<br \/><\/div><div class=\"o-row\">Number of photos to be delivered: To be agreed<br \/><\/div><div class=\"o-row\">Delivery in digital format via link: Yes<br \/><\/div><div class=\"o-row\">Deadline for delivery of treated digital photos (post production): Minimum 72 hours<br \/><\/div><div class=\"o-row\">Includes printed photo album: Yes<br \/><\/div><div class=\"o-row\">Includes makeup? No<br \/><\/div><div class=\"o-row\">Does it include a beauty salon? No<br \/><\/div><div class=\"o-row\">* Credit card installments accepted.<br \/><\/div><div class=\"o-row\">** Ad image is illustrative.<\/div>\n        <\/div>\n        <a href=\"https:\/\/api.whatsapp.com\/send\/?phone=5522997346188&#038;text=Ol%C3%A1%2C+visualizei+o+seu+site+e+gostaria+de+informa%C3%A7%C3%B5es+sobre+o+pre\u00e7o+do+Book+Mais+Vendido.&#038;app_absent=0\" class=\"button-style1\">Consult Price<\/a>\n    <\/div><div class=\"item price-list-type2-item-69e34a55806e0\">\n        <h6 class=\"h\">Pre-Wedding Book<\/h6>\n        \n        <div class=\"img\" style=\"background-image: url(https:\/\/www.mamoruoguro.com\/wp-content\/uploads\/2021\/05\/samarawanderson-14.jpg)\"><\/div>\n        <div class=\"options\">\n            <div class=\"heading-decor\"><h5>Details<\/h5><\/div>\n            <div class=\"o-row\">Location: To combine<br \/><\/div><div class=\"o-row\">Duration: To be agreed<br \/><\/div><div class=\"o-row\">Number of photos to be delivered: To be agreed<br \/><\/div><div class=\"o-row\">Delivery in digital format via link: Yes<br \/><\/div><div class=\"o-row\">Deadline for delivery of treated digital photos (post production): Minimum 72 hours<br \/><\/div><div class=\"o-row\">Includes printed photo album: Yes<br \/><\/div><div class=\"o-row\">Includes makeup? No<br \/><\/div><div class=\"o-row\">Does it include a beauty salon? No<br \/><\/div><div class=\"o-row\">* Credit card installments accepted.<br \/><\/div><div class=\"o-row\">** Ad image is illustrative.<\/div>\n        <\/div>\n        <a href=\"https:\/\/api.whatsapp.com\/send\/?phone=5522997346188&#038;text=Ol%C3%A1%2C+visualizei+o+seu+site+e+gostaria+de+informa%C3%A7%C3%B5es+sobre+o+pre\u00e7o+do+Book+Pr\u00e9+Wedding.&#038;app_absent=0\" class=\"button-style1\">Consult Price<\/a>\n    <\/div><div class=\"item price-list-type2-item-69e34a55843bd\">\n        <h6 class=\"h\">Sensual shooting<\/h6>\n        \n        <div class=\"img\" style=\"background-image: url(https:\/\/www.mamoruoguro.com\/wp-content\/uploads\/2021\/05\/fotolivro-1.jpg)\"><\/div>\n        <div class=\"options\">\n            <div class=\"heading-decor\"><h5>Details<\/h5><\/div>\n            <div class=\"o-row\">Location: To combine<br \/><\/div><div class=\"o-row\">Duration: To be agreed<br \/><\/div><div class=\"o-row\">Number of photos to be delivered: To be agreed<br \/><\/div><div class=\"o-row\">Delivery in digital format via link: Yes<br \/><\/div><div class=\"o-row\">Deadline for delivery of treated digital photos (post production): Minimum 72 hours<br \/><\/div><div class=\"o-row\">Includes printed photo album: Yes<br \/><\/div><div class=\"o-row\">Includes makeup? No<br \/><\/div><div class=\"o-row\">Does it include a beauty salon? No<br \/><\/div><div class=\"o-row\">* Credit card installments accepted.<br \/><\/div><div class=\"o-row\">** Ad image is illustrative.<\/div>\n        <\/div>\n        <a href=\"https:\/\/api.whatsapp.com\/send\/?phone=5522997346188&#038;text=Ol%C3%A1%2C+visualizei+o+seu+site+e+gostaria+de+informa%C3%A7%C3%B5es+sobre+o+pre\u00e7o+do+Ensaio+Sensual.&#038;app_absent=0\" class=\"button-style1\">Consult Price<\/a>\n    <\/div><\/div><\/div><\/div><\/div><\/div><div class=\"vc_row wpb_row vc_row-fluid vc_row-69e34a5588118\"><div class=\"wpb_column vc_column_container vc_col-sm-12 vc_row-69e34a558850f\"><div class=\"vc_column-inner\"><div class=\"wpb_wrapper\">      <div class=\"heading-block heading-608f838c4d8d4 tac h-h4\">\n                  <h4 class=\"h\">Photo Coverage - Children&#39;s Party<\/h4>\n              <\/div>\n    <\/div><\/div><\/div><\/div><div class=\"vc_row wpb_row vc_row-fluid vc_row-69e34a55887a1\"><div class=\"wpb_column vc_column_container vc_col-sm-12 vc_row-69e34a558896b\"><div class=\"vc_column-inner\"><div class=\"wpb_wrapper\"><div class=\"price-list-type2 row price-list-type2-69e34a55889b1\"><div class=\"item price-list-type2-item-69e34a5588a56\">\n        <h6 class=\"h\">Smash the Cake<\/h6>\n        \n        <div class=\"img\" style=\"\"><\/div>\n        <div class=\"options\">\n            \n            \n        <\/div>\n        <a href=\"https:\/\/api.whatsapp.com\/send\/?phone=5522997346188&#038;text=Ol%C3%A1%2C+visualizei+o+seu+site+e+gostaria+de+indica%C3%A7%C3%B5es+de+fot\u00f3grafos+para+ensaio+Smash+the+Cake.&#038;app_absent=0\" class=\"button-style1\">Request Recommendation<\/a>\n    <\/div><div class=\"item price-list-type2-item-69e34a5589503\">\n        <h6 class=\"h\">Baby Baptism<\/h6>\n        \n        <div class=\"img\" style=\"\"><\/div>\n        <div class=\"options\">\n            \n            \n        <\/div>\n        <a href=\"https:\/\/api.whatsapp.com\/send\/?phone=5522997346188&#038;text=Ol%C3%A1%2C+visualizei+o+seu+site+e+gostaria+de+indica%C3%A7%C3%B5es+de+fot\u00f3grafos+para+a+cerim\u00f4nia+de+batizado+do+meu+filho.&#038;app_absent=0\" class=\"button-style1\">Request Recommendation<\/a>\n    <\/div><div class=\"item price-list-type2-item-69e34a5589c2c\">\n        <h6 class=\"h\">Children&#39;s birthday<\/h6>\n        \n        <div class=\"img\" style=\"background-image: url(https:\/\/www.mamoruoguro.com\/wp-content\/uploads\/2021\/05\/reggae_saquarema-7967.jpg)\"><\/div>\n        <div class=\"options\">\n            <div class=\"heading-decor\"><h5>Details<\/h5><\/div>\n            <div class=\"o-row\">Location: To combine<br \/><\/div><div class=\"o-row\">Duration: To be agreed<br \/><\/div><div class=\"o-row\">Number of photos to be delivered: To be agreed<br \/><\/div><div class=\"o-row\">Delivery in digital format via link: Yes<br \/><\/div><div class=\"o-row\">Deadline for delivery of treated digital photos (post production): Minimum 72 hours<br \/><\/div><div class=\"o-row\">Includes printed photo album: Yes<br \/><\/div><div class=\"o-row\">* Credit card installments accepted.<br \/><\/div><div class=\"o-row\">** Ad image is illustrative.<\/div>\n        <\/div>\n        <a href=\"https:\/\/api.whatsapp.com\/send\/?phone=5522997346188&#038;text=Ol%C3%A1%2C+visualizei+o+seu+site+e+gostaria+de+informa%C3%A7%C3%B5es+sobre+o+pre\u00e7o+para+cobertura+fotogr\u00e1fica+da+festa+de+anivers\u00e1rio+infantil.&#038;app_absent=0\" class=\"button-style1\">Consult Price<\/a>\n    <\/div><\/div><\/div><\/div><\/div><\/div><div class=\"vc_row wpb_row vc_row-fluid vc_row-69e34a558d06b\"><div class=\"wpb_column vc_column_container vc_col-sm-12 vc_row-69e34a558d26b\"><div class=\"vc_column-inner\"><div class=\"wpb_wrapper\">      <div class=\"heading-block heading-608f83e0dd9ef tac h-h4\">\n                  <h4 class=\"h\">Photo Coverage - Events<\/h4>\n              <\/div>\n    <\/div><\/div><\/div><\/div><div class=\"vc_row wpb_row vc_row-fluid vc_row-69e34a558d570\"><div class=\"wpb_column vc_column_container vc_col-sm-12 vc_row-69e34a558d706\"><div class=\"vc_column-inner\"><div class=\"wpb_wrapper\"><div class=\"price-list-type2 row price-list-type2-69e34a558d745\"><div class=\"item price-list-type2-item-69e34a558d7d6\">\n        <h6 class=\"h\">WEDDINGS<\/h6>\n        \n        <div class=\"img\" style=\"\"><\/div>\n        <div class=\"options\">\n            \n            \n        <\/div>\n        <a href=\"https:\/\/api.whatsapp.com\/send\/?phone=5522997346188&#038;text=Ol%C3%A1%2C+visualizei+o+seu+site+e+gostaria+de+indica%C3%A7%C3%B5es+de+fot\u00f3grafos+especializados+em+cobertura+de+casamentos.&#038;app_absent=0\" class=\"button-style1\">Request Recommendation<\/a>\n    <\/div><div class=\"item price-list-type2-item-69e34a558df67\">\n        <h6 class=\"h\">GRADUATION<\/h6>\n        \n        <div class=\"img\" style=\"\"><\/div>\n        <div class=\"options\">\n            <div class=\"heading-decor\"><h5>Details<\/h5><\/div>\n            \n        <\/div>\n        <a href=\"https:\/\/api.whatsapp.com\/send\/?phone=5522997346188&#038;text=Ol%C3%A1%2C+visualizei+o+seu+site+e+gostaria+de+informa%C3%A7%C3%B5es+sobre+o+pre\u00e7o+para+cobertura+fotogr\u00e1fica+da+cerom\u00f4nia+e+festa+de+formatura.&#038;app_absent=0\" class=\"button-style1\">ASK FOR RECOMMENDATION<\/a>\n    <\/div><div class=\"item price-list-type2-item-69e34a558eb75\">\n        <h6 class=\"h\">15 YEARS PARTY<\/h6>\n        \n        <div class=\"img\" style=\"\"><\/div>\n        <div class=\"options\">\n            \n            \n        <\/div>\n        <a href=\"https:\/\/api.whatsapp.com\/send\/?phone=5522997346188&#038;text=Ol%C3%A1%2C+visualizei+o+seu+site+e+gostaria+de+indica%C3%A7%C3%B5es+de+fot\u00f3grafos+especializados+em+cobertura+de+festa+de+15+anos.&#038;app_absent=0\" class=\"button-style1\">Request Recommendation<\/a>\n    <\/div><\/div><\/div><\/div><\/div><\/div><div class=\"vc_row wpb_row vc_row-fluid vc_row-69e34a558f404\"><div class=\"wpb_column vc_column_container vc_col-sm-12 vc_row-69e34a558f5b5\"><div class=\"vc_column-inner\"><div class=\"wpb_wrapper\">      <div class=\"heading-block heading-608f848e39e59 tac h-h4\">\n                  <h4 class=\"h\">Photography for Companies<\/h4>\n              <\/div>\n    <\/div><\/div><\/div><\/div><div class=\"vc_row wpb_row vc_row-fluid vc_row-69e34a558f7ce\"><div class=\"wpb_column vc_column_container vc_col-sm-12 vc_row-69e34a558fa0a\"><div class=\"vc_column-inner\"><div class=\"wpb_wrapper\"><div class=\"price-list-type2 row price-list-type2-69e34a558fa57\"><div class=\"item price-list-type2-item-69e34a558fad4\">\n        <h6 class=\"h\">PHOTOGRAPHY FOR RESTAURANTS<\/h6>\n        \n        <div class=\"img\" style=\"background-image: url(https:\/\/www.mamoruoguro.com\/wp-content\/uploads\/2021\/05\/cebola-edit2048.jpg)\"><\/div>\n        <div class=\"options\">\n            <div class=\"heading-decor\"><h5>Details<\/h5><\/div>\n            <div class=\"o-row\">Location: To combine<br \/><\/div><div class=\"o-row\">Duration: To be agreed<br \/><\/div><div class=\"o-row\">Number of photos to be delivered: To be agreed<br \/><\/div><div class=\"o-row\">Delivery in digital format via link: Yes<br \/><\/div><div class=\"o-row\">Deadline for delivery of treated digital photos (post production): Minimum 72 hours<br \/><\/div><div class=\"o-row\">Includes printed photo album: No<br \/><\/div><div class=\"o-row\">* Credit card installments accepted.<br \/><\/div><div class=\"o-row\">** Ad image is illustrative.<\/div>\n        <\/div>\n        <a href=\"https:\/\/api.whatsapp.com\/send\/?phone=5522997346188&#038;text=Ol%C3%A1%2C+visualizei+o+seu+site+e+gostaria+de+informa%C3%A7%C3%B5es+sobre+o+pre\u00e7o+para+fotos+gastron\u00f4micas+para+restaurante.&#038;app_absent=0\" class=\"button-style1\">Consult Price<\/a>\n    <\/div><div class=\"item price-list-type2-item-69e34a5592fde\">\n        <h6 class=\"h\">PHOTOGRAPHY | HOTELS AND HOTELS<\/h6>\n        \n        <div class=\"img\" style=\"\"><\/div>\n        <div class=\"options\">\n            <div class=\"heading-decor\"><h5>Details<\/h5><\/div>\n            <div class=\"o-row\">Location: To combine<br \/><\/div><div class=\"o-row\">Duration: To be agreed<br \/><\/div><div class=\"o-row\">Number of photos to be delivered: To be agreed<br \/><\/div><div class=\"o-row\">Delivery in digital format via link: Yes<br \/><\/div><div class=\"o-row\">Deadline for delivery of treated digital photos (post production): Minimum 72 hours<br \/><\/div><div class=\"o-row\">Includes printed photo album: No<br \/><\/div><div class=\"o-row\">* Credit card installments accepted.<br \/><\/div><div class=\"o-row\">** Ad image is illustrative.<\/div>\n        <\/div>\n        <a href=\"https:\/\/api.whatsapp.com\/send\/?phone=5522997346188&#038;text=Ol%C3%A1%2C+visualizei+o+seu+site+e+gostaria+de+informa%C3%A7%C3%B5es+sobre+o+pre\u00e7o+para+fotos+de+arquitetura+para+hot\u00e9is+e+pousadas.&#038;app_absent=0\" class=\"button-style1\">Consult Price<\/a>\n    <\/div><div class=\"item price-list-type2-item-69e34a5596188\">\n        <h6 class=\"h\">CORPORATE PHOTOGRAPHY<\/h6>\n        \n        <div class=\"img\" style=\"\"><\/div>\n        <div class=\"options\">\n            <div class=\"heading-decor\"><h5>Details<\/h5><\/div>\n            <div class=\"o-row\">Location: To combine<br \/><\/div><div class=\"o-row\">Duration: To be agreed<br \/><\/div><div class=\"o-row\">Number of photos to be delivered: To be agreed<br \/><\/div><div class=\"o-row\">Delivery in digital format via link: Yes<br \/><\/div><div class=\"o-row\">Deadline for delivery of treated digital photos (post production): Minimum 72 hours<br \/><\/div><div class=\"o-row\">Includes printed photo album: No<br \/><\/div><div class=\"o-row\">* Credit card installments accepted.<br \/><\/div><div class=\"o-row\">** Ad image is illustrative.<\/div>\n        <\/div>\n        <a href=\"https:\/\/api.whatsapp.com\/send\/?phone=5522997346188&#038;text=Ol%C3%A1%2C+visualizei+o+seu+site+e+gostaria+de+informa%C3%A7%C3%B5es+sobre+o+pre\u00e7o+para+fotos+corporativas.&#038;app_absent=0\" class=\"button-style1\">Consult Price<\/a>\n    <\/div><\/div><\/div><\/div><\/div><\/div><div class=\"vc_row wpb_row vc_row-fluid vc_row-69e34a55999b1\"><div class=\"wpb_column vc_column_container vc_col-sm-12 vc_row-69e34a5599bd6\"><div class=\"vc_column-inner\"><div class=\"wpb_wrapper\">      <div class=\"heading-block heading-608f84fad89a7 tac h-h4\">\n                  <h4 class=\"h\">Product Photography<\/h4>\n              <\/div>\n    <\/div><\/div><\/div><\/div><div class=\"vc_row wpb_row vc_row-fluid vc_row-69e34a5599e1f\"><div class=\"wpb_column vc_column_container vc_col-sm-12 vc_row-69e34a5599ff9\"><div class=\"vc_column-inner\"><div class=\"wpb_wrapper\"><div class=\"price-list-type2 row price-list-type2-69e34a559a042\"><div class=\"item price-list-type2-item-69e34a559a0d1\">\n        <h6 class=\"h\">PRODUCTS | WHITE BACKGROUND<\/h6>\n        \n        <div class=\"img\" style=\"background-image: url(https:\/\/www.mamoruoguro.com\/wp-content\/uploads\/2021\/05\/fotografo-produtos-10.jpg)\"><\/div>\n        <div class=\"options\">\n            <div class=\"heading-decor\"><h5>Details<\/h5><\/div>\n            <div class=\"o-row\">Location: Studio<br \/><\/div><div class=\"o-row\">Duration: To be agreed<br \/><\/div><div class=\"o-row\">Number of photos to be delivered: To be agreed<br \/><\/div><div class=\"o-row\">Delivery in format: Digital (high resolution photos)<br \/><\/div><div class=\"o-row\">Deadline for delivery of treated photos (post production): Minimum 72 hours<br \/><\/div><div class=\"o-row\">* Credit card installments accepted.<br \/><\/div><div class=\"o-row\">** Ad image is illustrative.<\/div>\n        <\/div>\n        <a href=\"https:\/\/api.whatsapp.com\/send\/?phone=5522997346188&#038;text=Ol%C3%A1%2C+visualizei+o+seu+site+e+gostaria+de+informa%C3%A7%C3%B5es+sobre+o+pre\u00e7o+para+fotos+de+produtos+com+fundo+branco.&#038;app_absent=0\" class=\"button-style1\">Consult Price<\/a>\n    <\/div><div class=\"item price-list-type2-item-69e34a559d4f2\">\n        <h6 class=\"h\">PRODUCTS | STILL<\/h6>\n        \n        <div class=\"img\" style=\"background-image: url(https:\/\/www.mamoruoguro.com\/wp-content\/uploads\/2021\/05\/fotografo-produtos-5.jpg)\"><\/div>\n        <div class=\"options\">\n            <div class=\"heading-decor\"><h5>Details<\/h5><\/div>\n            <div class=\"o-row\">Location: Studio<br \/><\/div><div class=\"o-row\">Duration: To be agreed<br \/><\/div><div class=\"o-row\">Number of photos to be delivered: To be agreed<br \/><\/div><div class=\"o-row\">Delivery in format: Digital (high resolution photos)<br \/><\/div><div class=\"o-row\">Deadline for delivery of treated photos (post production): Minimum 72 hours<br \/><\/div><div class=\"o-row\">* Credit card installments accepted.<br \/><\/div><div class=\"o-row\">** Ad image is illustrative.<\/div>\n        <\/div>\n        <a href=\"https:\/\/api.whatsapp.com\/send\/?phone=5522997346188&#038;text=Ol%C3%A1%2C+visualizei+o+seu+site+e+gostaria+de+informa%C3%A7%C3%B5es+sobre+o+pre\u00e7o+para+fotos+estilizadas+de+produtos.&#038;app_absent=0\" class=\"button-style1\">Consult Price<\/a>\n    <\/div><\/div><\/div><\/div><\/div><\/div><div class=\"vc_row wpb_row vc_row-fluid vc_row-69e34a55a0cfd\"><div class=\"wpb_column vc_column_container vc_col-sm-12 vc_row-69e34a55a0ef3\"><div class=\"vc_column-inner\"><div class=\"wpb_wrapper\">\n\t<div class=\"wpb_text_column wpb_content_element\" >\n\t\t<div class=\"wpb_wrapper\">\n\t\t\t<p style=\"text-align: center;\"><span style=\"font-size: 11px;\">*** If you are a photographer and you came to my site out of curiosity, however, you want to be indicated in some field that I do not work, send me your portfolio site for appreciation.<\/span><\/p>\n<p style=\"text-align: center;\"><span style=\"font-size: 11px;\">Prices | Photo Essay Prices | Book Prices | Photo Album | Event Photographer | Graduation | 15 years | Architecture | Gastronomy | Smash the Cake | Pre-Wedding | Sensual Essay | How much does it cost | <a href=\"https:\/\/www.mamoruoguro.com\/en\/fotoblog\/\">Photo Blog<\/a>\u00a0|\u00a0<a href=\"https:\/\/www.grupowebster.com.br\/\" target=\"_blank\" rel=\"noopener\">Webster Group<\/a><\/span><\/p>\n\n\t\t<\/div>\n\t<\/div>\n<\/div><\/div><\/div><\/div>","protected":false},"excerpt":{"rendered":"Do you want to know photo essay prices to make a book (printed album)? Want to know prices to hire a photographer for your event? Need professional photos? Anyway, whatever your photographic need, you&#39;ve found the site that will help you. The fields of activity in photography are very wide, so it is impossible to act [...]","protected":false},"author":1,"featured_media":0,"parent":0,"menu_order":0,"comment_status":"closed","ping_status":"closed","template":"","meta":[],"_links":{"self":[{"href":"https:\/\/www.mamoruoguro.com\/en\/wp-json\/wp\/v2\/pages\/2026"}],"collection":[{"href":"https:\/\/www.mamoruoguro.com\/en\/wp-json\/wp\/v2\/pages"}],"about":[{"href":"https:\/\/www.mamoruoguro.com\/en\/wp-json\/wp\/v2\/types\/page"}],"author":[{"embeddable":true,"href":"https:\/\/www.mamoruoguro.com\/en\/wp-json\/wp\/v2\/users\/1"}],"replies":[{"embeddable":true,"href":"https:\/\/www.mamoruoguro.com\/en\/wp-json\/wp\/v2\/comments?post=2026"}],"version-history":[{"count":4,"href":"https:\/\/www.mamoruoguro.com\/en\/wp-json\/wp\/v2\/pages\/2026\/revisions"}],"predecessor-version":[{"id":2048,"href":"https:\/\/www.mamoruoguro.com\/en\/wp-json\/wp\/v2\/pages\/2026\/revisions\/2048"}],"wp:attachment":[{"href":"https:\/\/www.mamoruoguro.com\/en\/wp-json\/wp\/v2\/media?parent=2026"}],"curies":[{"name":"wp","href":"https:\/\/api.w.org\/{rel}","templated":true}]}}