{"id":2019,"date":"2021-05-08T11:40:31","date_gmt":"2021-05-08T14:40:31","guid":{"rendered":"https:\/\/www.mamoruoguro.com\/sitenew\/?page_id=2019"},"modified":"2021-06-01T15:25:42","modified_gmt":"2021-06-01T18:25:42","slug":"parceria-modelo-fotografos","status":"publish","type":"page","link":"https:\/\/www.mamoruoguro.com\/en\/parceria-modelo-fotografos\/","title":{"rendered":"Partnership with Models and Photographers | Photography | Book | Photoshoot"},"content":{"rendered":"<div class=\"vc_row wpb_row vc_row-fluid vc_row-69f222f32193f\"><div class=\"wpb_column vc_column_container vc_col-sm-12 vc_row-69f222f321dd6\"><div class=\"vc_column-inner\"><div class=\"wpb_wrapper\">\n\t<div class=\"wpb_text_column wpb_content_element\" >\n\t\t<div class=\"wpb_wrapper\">\n\t\t\t<h3 style=\"text-align: center;\"><span style=\"color: #f7a92c;\">Partnership<\/span> with models and photographers<\/h3>\n<p style=\"text-align: center;\">I usually say that no one is strong alone, so I am always looking for a partnership.<\/p>\n<p style=\"text-align: center;\">You are a model or photographer, do not hesitate, contact me. We can certainly establish a partnership and work together.<\/p>\n<h2 class=\"h\" style=\"text-align: center;\"><span style=\"font-size: 16px;\">Models | Partnership<\/span><\/h2>\n<p style=\"text-align: center;\">Do you consider yourself photogenic (o), act or want to be a model? Do you want to increase your visibility and followers on social media?<\/p>\n<p style=\"text-align: center;\">It is clear that good photos are crucial for you.<\/p>\n<p style=\"text-align: center;\">Just as you need a photographer, the photographer needs you.<\/p>\n<p style=\"text-align: center;\">I am constantly looking for models to produce authorial photographs on various pertinent topics. We can help each other!<\/p>\n\n\t\t<\/div>\n\t<\/div>\n      <div class=\"button-container button-608fdb8d6774b center\">\n        <a class=\"button-style1\" href=\"https:\/\/api.whatsapp.com\/send\/?phone=5522997346188&#038;text=Ol%C3%A1%2C+sou+modelo+e+visualizei+o+seu+site.+Gostaria+de+informa%C3%A7%C3%B5es+sobre+como+funciona+e+como+ser+1+parceiro.&#038;app_absent=0\" target=\"_blank\">\n          <span>I AM A MODEL AND I WANT INFORMATION ON HOW TO BE A PARTNER (A)<\/span>\n        <\/a>\n      <\/div>\n    \n\t<div class=\"wpb_text_column wpb_content_element\" >\n\t\t<div class=\"wpb_wrapper\">\n\t\t\t<p style=\"text-align: center;\">It will be a great pleasure to speak with you!<\/p>\n<div class=\"vc_row wpb_row vc_row-fluid vc_row-60865fa7f38ec\" style=\"text-align: center;\">\n<div class=\"wpb_column vc_column_container vc_col-sm-12 vc_row-60865fa7f3b25\">\n<div class=\"vc_column-inner\">\n<div class=\"wpb_wrapper\">\n<div class=\"heading-block heading-6084a3233525e tac h-h2\">\n<h2 class=\"h\">Photographers | Partnership<\/h2>\n<\/div>\n<\/div>\n<\/div>\n<\/div>\n<\/div>\n<div class=\"vc_row wpb_row vc_row-fluid vc_row-60865fa7f3e15\">\n<div class=\"wpb_column vc_column_container vc_col-sm-12 vc_row-60865fa7f405d\">\n<div class=\"vc_column-inner\">\n<div class=\"wpb_wrapper\">\n<div class=\"wpb_text_column wpb_content_element\">\n<div class=\"wpb_wrapper\">\n<p style=\"text-align: center;\">As we know, the areas within photography are many, so acting with excellence in all of them is somewhat complicated (not to say impossible).<\/p>\n<p style=\"text-align: center;\">In my opinion, having knowledge and experience in a great part of the photography fields is essential in the professional training of the photographer. However, in order to evolve and excel in an area, it is necessary to choose the ones that are most identified, in order to deepen and deliver a photographic material with a difference.<\/p>\n<p style=\"text-align: center;\">For these and others, I am always open to partnership with photographers, from all areas, so that I can refer to clients and even work together, if applicable.<\/p>\n<p style=\"text-align: center;\">How about we exchange an idea to see how we can contribute to the photography market together?<\/p>\n<\/div>\n<\/div>\n<\/div>\n<\/div>\n<\/div>\n<\/div>\n\n\t\t<\/div>\n\t<\/div>\n      <div class=\"button-container button-608fdc0c129b2 center\">\n        <a class=\"button-style1\" href=\"https:\/\/api.whatsapp.com\/send\/?phone=5522997346188&#038;text=Ol%C3%A1%2C+trabalho+com+fotos+e+visualizei+o+seu+site.+Gostaria+de+informa%C3%A7%C3%B5es+sobre+como+funciona+e+como+ser+1+parceiro.&#038;app_absent=0\" target=\"_blank\">\n          <span>I AM A PHOTOPHRAPHER (A) AND I WANT INFORMATION ON HOW TO BE A PARTNER (A)<\/span>\n        <\/a>\n      <\/div>\n    \n\t<div class=\"wpb_text_column wpb_content_element\" >\n\t\t<div class=\"wpb_wrapper\">\n\t\t\t<div class=\"vc_row wpb_row vc_row-fluid vc_row-60865fa80090a\">\n<div class=\"wpb_column vc_column_container vc_col-sm-12 vc_row-60865fa800b28\">\n<div class=\"vc_column-inner\">\n<div class=\"wpb_wrapper\">\n<div class=\"wpb_text_column wpb_content_element\">\n<div class=\"wpb_wrapper\">\n<p style=\"text-align: center;\">Professionals from the most diverse sectors, we can talk and find a common name to benefit everyone in this time of uncertainty.<\/p>\n<p style=\"text-align: center;\">&quot;Those who walk alone may even arrive faster, but those who are accompanied, certainly go further&quot;.<\/p>\n<\/div>\n<\/div>\n<\/div>\n<p>&nbsp;<\/p>\n<\/div>\n<\/div>\n<\/div>\n<div class=\"vc_row wpb_row vc_row-fluid vc_row-60865fa800f37\">\n<div class=\"wpb_column vc_column_container vc_col-sm-12 vc_row-60865fa80117e\">\n<div class=\"vc_column-inner\">\n<div class=\"wpb_wrapper\">\n<div class=\"wpb_text_column wpb_content_element\">\n<div class=\"wpb_wrapper\">\n<p>&nbsp;<\/p>\n<p style=\"text-align: center;\">| Partnership | Models | Digital Influencer | Photographers | Makeup artist | Beauty Salon | Party Room | Photography |\u00a0<a href=\"https:\/\/www.mamoruoguro.com\/en\/precos-book-pacotes-fotograficos\/\">Pricing<\/a>\u00a0|<\/p>\n<p style=\"text-align: center;\">| Saquarema | Buzios | Cabo Frio | Niter\u00f3i | Maric\u00e1 | Araruama | Iguaba | S\u00e3o Gon\u00e7alo | Rio de Janeiro | S\u00e3o Pedro da Aldeia |<\/p>\n<\/div>\n<\/div>\n<\/div>\n<\/div>\n<\/div>\n<\/div>\n\n\t\t<\/div>\n\t<\/div>\n<\/div><\/div><\/div><\/div>","protected":false},"excerpt":{"rendered":"Partnership with models and photographers I often say that no one is strong alone, so I&#39;m always looking for a partnership. Are you a model or photographer, do not hesitate, contact me. We can certainly form a partnership and work together. Templates | Partnership Do you consider yourself photogenic, act or want to be a model? Do you want to increase your visibility and your [...]","protected":false},"author":1,"featured_media":0,"parent":0,"menu_order":0,"comment_status":"closed","ping_status":"closed","template":"template-landing.php","meta":[],"_links":{"self":[{"href":"https:\/\/www.mamoruoguro.com\/en\/wp-json\/wp\/v2\/pages\/2019"}],"collection":[{"href":"https:\/\/www.mamoruoguro.com\/en\/wp-json\/wp\/v2\/pages"}],"about":[{"href":"https:\/\/www.mamoruoguro.com\/en\/wp-json\/wp\/v2\/types\/page"}],"author":[{"embeddable":true,"href":"https:\/\/www.mamoruoguro.com\/en\/wp-json\/wp\/v2\/users\/1"}],"replies":[{"embeddable":true,"href":"https:\/\/www.mamoruoguro.com\/en\/wp-json\/wp\/v2\/comments?post=2019"}],"version-history":[{"count":4,"href":"https:\/\/www.mamoruoguro.com\/en\/wp-json\/wp\/v2\/pages\/2019\/revisions"}],"predecessor-version":[{"id":2477,"href":"https:\/\/www.mamoruoguro.com\/en\/wp-json\/wp\/v2\/pages\/2019\/revisions\/2477"}],"wp:attachment":[{"href":"https:\/\/www.mamoruoguro.com\/en\/wp-json\/wp\/v2\/media?parent=2019"}],"curies":[{"name":"wp","href":"https:\/\/api.w.org\/{rel}","templated":true}]}}